{"id":1750,"date":"2017-08-23T13:15:48","date_gmt":"2017-08-23T11:15:48","guid":{"rendered":"https:\/\/www.louplynxjura.org\/startseite\/"},"modified":"2025-05-02T11:37:26","modified_gmt":"2025-05-02T09:37:26","slug":"startseite","status":"publish","type":"page","link":"https:\/\/www.louplynxjura.org\/de\/","title":{"rendered":"Startseite"},"content":{"rendered":"<p>[vc_row full_width=&#8220;stretch_row_content_no_spaces&#8220; el_class=&#8220;slider-top slider-height&#8220;][vc_column]\n\t\t\t<!-- START home3 DE REVOLUTION SLIDER 6.5.16 --><p class=\"rs-p-wp-fix\"><\/p>\n\t\t\t<rs-module-wrap id=\"rev_slider_4_1_wrapper\" data-source=\"gallery\" style=\"visibility:hidden;background:#000000;padding:0;margin:0px auto;margin-top:0;margin-bottom:0;\">\n\t\t\t\t<rs-module id=\"rev_slider_4_1\" style=\"\" data-version=\"6.5.16\">\n\t\t\t\t\t<rs-slides>\n\t\t\t\t\t\t<rs-slide style=\"position: absolute;\" data-key=\"rs-4\" data-title=\"slide Desktop\" data-ssop=\"true\" data-anim=\"p:dark;\" data-in=\"o:0;\" data-out=\"o:0;\" class=\"slideroverlay\">\n\t\t\t\t\t\t\t<img decoding=\"async\" src=\"\/\/www.louplynxjura.org\/wp-content\/plugins\/revslider\/public\/assets\/assets\/dummy.png\" alt=\"slide Desktop\" class=\"rev-slidebg tp-rs-img rs-lazyload\" data-lazyload=\"\/\/www.louplynxjura.org\/wp-content\/plugins\/revslider\/public\/assets\/assets\/transparent.png\" data-bg=\"p:right center;c:#ffffff;\" data-parallax=\"4\" data-no-retina>\n<!--\n\t\t\t\t\t\t\t--><rs-layer\n\t\t\t\t\t\t\t\tid=\"slider-4-slide-4-layer-1\" \n\t\t\t\t\t\t\t\tdata-type=\"shape\"\n\t\t\t\t\t\t\t\tdata-rsp_ch=\"on\"\n\t\t\t\t\t\t\t\tdata-xy=\"x:c;y:b,t,t,t;\"\n\t\t\t\t\t\t\t\tdata-text=\"w:normal;s:20,16,12,7;l:0,20,15,9;\"\n\t\t\t\t\t\t\t\tdata-dim=\"w:100%,100%,100%,1362px;h:100%,815px,815px,815px;\"\n\t\t\t\t\t\t\t\tdata-basealign=\"slide\"\n\t\t\t\t\t\t\t\tdata-frame_999=\"o:0;st:w;\"\n\t\t\t\t\t\t\t\tstyle=\"z-index:8;background-color:rgba(0,0,0,0.5);\"\n\t\t\t\t\t\t\t><rs-bg-elem style=\"background: url('\/\/www.louplynxjura.org\/wp-content\/uploads\/2022\/03\/home-banner.jpg') no-repeat center center; background-size: cover;\"><\/rs-bg-elem>\n \n\t\t\t\t\t\t\t<\/rs-layer><!--\n\n\t\t\t\t\t\t\t--><h1\n\t\t\t\t\t\t\t\tid=\"slider-4-slide-4-layer-2\" \n\t\t\t\t\t\t\t\tclass=\"rs-layer\"\n\t\t\t\t\t\t\t\tdata-type=\"text\"\n\t\t\t\t\t\t\t\tdata-xy=\"x:c;xo:222px,187px,112px,0;y:m;yo:-130px,-217px,-249px,-281px;\"\n\t\t\t\t\t\t\t\tdata-text=\"w:normal;s:54,54,45,35;l:60,60,50,40;fw:800,800,700,700;a:left,left,left,center;\"\n\t\t\t\t\t\t\t\tdata-dim=\"w:537px,463px,401px,316px;h:123px,123px,101px,81px;\"\n\t\t\t\t\t\t\t\tdata-rsp_o=\"off\"\n\t\t\t\t\t\t\t\tdata-rsp_bd=\"off\"\n\t\t\t\t\t\t\t\tdata-frame_0=\"o:1;\"\n\t\t\t\t\t\t\t\tdata-frame_999=\"o:0;e:nothing;st:w;sR:7490;\"\n\t\t\t\t\t\t\t\tstyle=\"z-index:9;font-family:'Open Sans';\"\n\t\t\t\t\t\t\t>Eine Zukunft f\u00fcr sie und uns \n\t\t\t\t\t\t\t<\/h1><!--\n\n\t\t\t\t\t\t\t--><p\n\t\t\t\t\t\t\t\tid=\"slider-4-slide-4-layer-3\" \n\t\t\t\t\t\t\t\tclass=\"rs-layer\"\n\t\t\t\t\t\t\t\tdata-type=\"text\"\n\t\t\t\t\t\t\t\tdata-xy=\"x:c;xo:224px,184px,96px,0;y:m;yo:33px,-31px,-86px,-95px;\"\n\t\t\t\t\t\t\t\tdata-text=\"w:normal;s:18;l:32,32,32,28;a:left,left,left,center;\"\n\t\t\t\t\t\t\t\tdata-dim=\"w:543px,452px,370px,277px;\"\n\t\t\t\t\t\t\t\tdata-rsp_o=\"off\"\n\t\t\t\t\t\t\t\tdata-rsp_bd=\"off\"\n\t\t\t\t\t\t\t\tdata-frame_0=\"o:1;\"\n\t\t\t\t\t\t\t\tdata-frame_999=\"o:0;e:nothing;st:w;sR:7490;\"\n\t\t\t\t\t\t\t\tstyle=\"z-index:10;font-family:'Open Sans';\"\n\t\t\t\t\t\t\t>Ein Umweltverband soll das Zusammenleben mit Gro\u00dfraubtieren im Juramassiv f\u00f6rdern \n\t\t\t\t\t\t\t<\/p><!--\n\n\t\t\t\t\t\t\t--><rs-layer\n\t\t\t\t\t\t\t\tid=\"slider-4-slide-4-layer-6\" \n\t\t\t\t\t\t\t\tdata-type=\"text\"\n\t\t\t\t\t\t\t\tdata-xy=\"x:c;xo:385px,273px,181px,0;y:m;yo:178px,138px,47px,67px;\"\n\t\t\t\t\t\t\t\tdata-text=\"s:20,20,20,14;l:22,22,22,18;a:inherit,inherit,center,center;\"\n\t\t\t\t\t\t\t\tdata-dim=\"w:213px,213px,auto,242px;h:69px,69px,auto,53px;\"\n\t\t\t\t\t\t\t\tdata-rsp_o=\"off\"\n\t\t\t\t\t\t\t\tdata-rsp_bd=\"off\"\n\t\t\t\t\t\t\t\tdata-frame_0=\"o:1;\"\n\t\t\t\t\t\t\t\tdata-frame_999=\"o:1;st:w;\"\n\t\t\t\t\t\t\t\tstyle=\"z-index:11;font-family:'Open Sans';\"\n\t\t\t\t\t\t\t><a class=\"c-btn text-animation btn1 animated fadeInDown\" href=\"https:\/\/www.louplynxjura.org\/de\/der-verein\/mitglied-werden\/\" data-animation=\"fadeInDown\">Schlie\u00dfen Sie sich uns an<\/a> \n\t\t\t\t\t\t\t<\/rs-layer><!--\n-->\t\t\t\t\t\t<\/rs-slide>\n\t\t\t\t\t<\/rs-slides>\n\t\t\t\t<\/rs-module>\n\t\t\t\t<script>\n\t\t\t\t\tsetREVStartSize({c: 'rev_slider_4_1',rl:[1240,1024,778,480],el:[815,652,620,662],gw:[1240,1024,778,480],gh:[815,652,620,662],type:'standard',justify:'',layout:'fullwidth',mh:\"815px\"});if (window.RS_MODULES!==undefined && window.RS_MODULES.modules!==undefined && window.RS_MODULES.modules[\"revslider41\"]!==undefined) {window.RS_MODULES.modules[\"revslider41\"].once = false;window.revapi4 = undefined;if (window.RS_MODULES.checkMinimal!==undefined) window.RS_MODULES.checkMinimal()}\n\t\t\t\t<\/script>\n\t\t\t<\/rs-module-wrap>\n\t\t\t<!-- END REVOLUTION SLIDER -->\n[\/vc_column][\/vc_row][vc_row full_width=&#8220;stretch_row&#8220; el_class=&#8220;welcome_section&#8220;][vc_column][vc_row_inner el_class=&#8220;cellpadding&#8220;][vc_column_inner][vc_custom_heading text=&#8220;Avenir Loup Lynx Jura (ALLJ)&#8220; font_container=&#8220;tag:h2|text_align:center&#8220; use_theme_fonts=&#8220;yes&#8220; el_class=&#8220;tt-title&#8220;][vc_column_text css=&#8220;.vc_custom_1503570203209{margin-bottom: 0px !important;}&#8220;]<\/p>\n<div class=\"text-decor\"><\/div>\n<p>[\/vc_column_text][envit_custom_section main_heading_one=&#8220;Ein gemeinn\u00fctziger Verein&#8220; paragraph_one=&#8220;Wolf und Luchs finden wieder ihren Platz im Juramassiv. Eine wundersch\u00f6ne Botschaft, die zeigt, dass das Leben von selbst oder mit einem kleinen Anstoss zur\u00fcckkehren kann. Es ist an der Zeit, mit den Grunds\u00e4tzen der Vergangenheit zu brechen und eine Zukunft im Einklang mit der Natur aufzubauen.&#8220;][envit_our_mission mission1_text=&#8220;Mit Unterst\u00fctzung von anerkannten Spezialisten werden wir Fragen zu den grossen Raubtieren des Jura beantworten.&#8220; mission2_text=&#8220;Alle Lebewesen haben ihren Platz im Juramassiv. Handeln wir gemeinsam, um den Lebensraum jedes Einzelnen zu erhalten.&#8220; mission3_text=&#8220;Trotz ihres Status als gesch\u00fctzte Arten, bleiben die grossen Raubtiere im Jura durch die N\u00e4he zur Zivilisation bedroht.&#8220; title=&#8220;Unsere Aufgaben&#8220; mission1_image=&#8220;1223&#8243; mission1_title=&#8220;Sensibilisieren&#8220; mission2_image=&#8220;1219&#8243; mission2_title=&#8220;Zusammenleben&#8220; mission3_image=&#8220;1217&#8243; mission3_title=&#8220;Sch\u00fctzen&#8220;][\/vc_column_inner][\/vc_row_inner][\/vc_column][\/vc_row][vc_row el_class=&#8220;upcoming_events&#8220;][vc_column][vc_row_inner el_class=&#8220;cellpadding&#8220;][vc_column_inner][vc_custom_heading text=&#8220;Kommende Veranstaltungen&#8220; use_theme_fonts=&#8220;yes&#8220; el_class=&#8220;tt-title font28&#8243;][envit_event number=&#8220;4&#8243;][\/vc_column_inner][\/vc_row_inner][\/vc_column][\/vc_row][vc_row el_class=&#8220;latest_news&#8220;][vc_column][vc_row_inner el_class=&#8220;cellpadding&#8220;][vc_column_inner][vc_custom_heading text=&#8220;Neuste Artikel&#8220; use_theme_fonts=&#8220;yes&#8220; el_class=&#8220;vc_custom_heading tt-title&#8220; link=&#8220;url:http%3A%2F%2Fwww.louplynxjura.org%2Fcategory%2Factualites%2F|title:Aktuelles|&#8220;][vc_column_text]<\/p>\n<div class=\"empty-space-mb-30\"><\/div>\n<p>[\/vc_column_text][envit_news order=&#8220;DESC&#8220; column=&#8220;3&#8243; number=&#8220;3&#8243; posttype=&#8220;post&#8220;][\/vc_column_inner][\/vc_row_inner][\/vc_column][\/vc_row]<\/p>\n","protected":false},"excerpt":{"rendered":"<p>[vc_row full_width=&#8220;stretch_row_content_no_spaces&#8220; el_class=&#8220;slider-top slider-height&#8220;][vc_column][\/vc_column][\/vc_row][vc_row full_width=&#8220;stretch_row&#8220; el_class=&#8220;welcome_section&#8220;][vc_column][vc_row_inner el_class=&#8220;cellpadding&#8220;][vc_column_inner][vc_custom_heading text=&#8220;Avenir Loup Lynx Jura (ALLJ)&#8220; font_container=&#8220;tag:h2|text_align:center&#8220; use_theme_fonts=&#8220;yes&#8220; el_class=&#8220;tt-title&#8220;][vc_column_text css=&#8220;.vc_custom_1503570203209{margin-bottom: 0px !important;}&#8220;] [\/vc_column_text][envit_custom_section main_heading_one=&#8220;Ein gemeinn\u00fctziger Verein&#8220; paragraph_one=&#8220;Wolf und Luchs finden wieder ihren Platz im [&hellip;]<\/p>\n","protected":false},"author":1,"featured_media":0,"parent":0,"menu_order":0,"comment_status":"closed","ping_status":"closed","template":"","meta":{"ub_ctt_via":"","footnotes":""},"class_list":["post-1750","page","type-page","status-publish","hentry"],"featured_image_src":null,"yoast_head":"<!-- This site is optimized with the Yoast SEO plugin v23.4 - https:\/\/yoast.com\/wordpress\/plugins\/seo\/ -->\n<title>Startseite - Avenir Loup Lynx Jura<\/title>\n<meta name=\"description\" content=\"Wolf und Luchs kehren zur\u00fcck ins Juramassiv. Eine wundersch\u00f6ne Botschaft, die zeigt, dass das Leben von selbst oder mit einem kleinen Anstoss zur\u00fcckkehren kann.\" \/>\n<meta name=\"robots\" content=\"index, follow, max-snippet:-1, max-image-preview:large, max-video-preview:-1\" \/>\n<link rel=\"canonical\" href=\"https:\/\/www.louplynxjura.org\/de\/\" \/>\n<meta property=\"og:locale\" content=\"de_DE\" \/>\n<meta property=\"og:type\" content=\"article\" \/>\n<meta property=\"og:title\" content=\"Startseite - Avenir Loup Lynx Jura\" \/>\n<meta property=\"og:description\" content=\"Wolf und Luchs kehren zur\u00fcck ins Juramassiv. Eine wundersch\u00f6ne Botschaft, die zeigt, dass das Leben von selbst oder mit einem kleinen Anstoss zur\u00fcckkehren kann.\" \/>\n<meta property=\"og:url\" content=\"https:\/\/www.louplynxjura.org\/de\/\" \/>\n<meta property=\"og:site_name\" content=\"Avenir Loup Lynx Jura\" \/>\n<meta property=\"article:publisher\" content=\"https:\/\/www.facebook.com\/louplynxjura\" \/>\n<meta property=\"article:modified_time\" content=\"2025-05-02T09:37:26+00:00\" \/>\n<meta property=\"og:image\" content=\"https:\/\/www.louplynxjura.org\/wp-content\/uploads\/2022\/03\/allj-logo-1200-white-bg.png\" \/>\n\t<meta property=\"og:image:width\" content=\"1200\" \/>\n\t<meta property=\"og:image:height\" content=\"630\" \/>\n\t<meta property=\"og:image:type\" content=\"image\/png\" \/>\n<meta name=\"twitter:card\" content=\"summary_large_image\" \/>\n<meta name=\"twitter:label1\" content=\"Est. reading time\" \/>\n\t<meta name=\"twitter:data1\" content=\"2 Minuten\" \/>\n<script type=\"application\/ld+json\" class=\"yoast-schema-graph\">{\"@context\":\"https:\/\/schema.org\",\"@graph\":[{\"@type\":\"WebPage\",\"@id\":\"https:\/\/www.louplynxjura.org\/de\/\",\"url\":\"https:\/\/www.louplynxjura.org\/de\/\",\"name\":\"Startseite - Avenir Loup Lynx Jura\",\"isPartOf\":{\"@id\":\"https:\/\/www.louplynxjura.org\/de\/#website\"},\"datePublished\":\"2017-08-23T11:15:48+00:00\",\"dateModified\":\"2025-05-02T09:37:26+00:00\",\"description\":\"Wolf und Luchs kehren zur\u00fcck ins Juramassiv. Eine wundersch\u00f6ne Botschaft, die zeigt, dass das Leben von selbst oder mit einem kleinen Anstoss zur\u00fcckkehren kann.\",\"breadcrumb\":{\"@id\":\"https:\/\/www.louplynxjura.org\/de\/#breadcrumb\"},\"inLanguage\":\"de-DE\",\"potentialAction\":[{\"@type\":\"ReadAction\",\"target\":[\"https:\/\/www.louplynxjura.org\/de\/\"]}]},{\"@type\":\"BreadcrumbList\",\"@id\":\"https:\/\/www.louplynxjura.org\/de\/#breadcrumb\",\"itemListElement\":[{\"@type\":\"ListItem\",\"position\":1,\"name\":\"Home\",\"item\":\"https:\/\/www.louplynxjura.org\/de\/\"},{\"@type\":\"ListItem\",\"position\":2,\"name\":\"Startseite\"}]},{\"@type\":\"WebSite\",\"@id\":\"https:\/\/www.louplynxjura.org\/de\/#website\",\"url\":\"https:\/\/www.louplynxjura.org\/de\/\",\"name\":\"Avenir Loup Lynx Jura\",\"description\":\"Eine Zukunft f\u00fcr sie und uns\",\"publisher\":{\"@id\":\"https:\/\/www.louplynxjura.org\/de\/#organization\"},\"potentialAction\":[{\"@type\":\"SearchAction\",\"target\":{\"@type\":\"EntryPoint\",\"urlTemplate\":\"https:\/\/www.louplynxjura.org\/de\/?s={search_term_string}\"},\"query-input\":{\"@type\":\"PropertyValueSpecification\",\"valueRequired\":true,\"valueName\":\"search_term_string\"}}],\"inLanguage\":\"de-DE\"},{\"@type\":\"Organization\",\"@id\":\"https:\/\/www.louplynxjura.org\/de\/#organization\",\"name\":\"Avenir Loup Lynx Jura\",\"url\":\"https:\/\/www.louplynxjura.org\/de\/\",\"logo\":{\"@type\":\"ImageObject\",\"inLanguage\":\"de-DE\",\"@id\":\"https:\/\/www.louplynxjura.org\/de\/#\/schema\/logo\/image\/\",\"url\":\"https:\/\/www.louplynxjura.org\/wp-content\/uploads\/2022\/03\/allj-logo-1024-wide-white-bg.png\",\"contentUrl\":\"https:\/\/www.louplynxjura.org\/wp-content\/uploads\/2022\/03\/allj-logo-1024-wide-white-bg.png\",\"width\":1024,\"height\":683,\"caption\":\"Avenir Loup Lynx Jura\"},\"image\":{\"@id\":\"https:\/\/www.louplynxjura.org\/de\/#\/schema\/logo\/image\/\"},\"sameAs\":[\"https:\/\/www.facebook.com\/louplynxjura\",\"https:\/\/www.instagram.com\/louplynxjura\"]}]}<\/script>\n<!-- \/ Yoast SEO plugin. -->","yoast_head_json":{"title":"Startseite - Avenir Loup Lynx Jura","description":"Wolf und Luchs kehren zur\u00fcck ins Juramassiv. Eine wundersch\u00f6ne Botschaft, die zeigt, dass das Leben von selbst oder mit einem kleinen Anstoss zur\u00fcckkehren kann.","robots":{"index":"index","follow":"follow","max-snippet":"max-snippet:-1","max-image-preview":"max-image-preview:large","max-video-preview":"max-video-preview:-1"},"canonical":"https:\/\/www.louplynxjura.org\/de\/","og_locale":"de_DE","og_type":"article","og_title":"Startseite - Avenir Loup Lynx Jura","og_description":"Wolf und Luchs kehren zur\u00fcck ins Juramassiv. Eine wundersch\u00f6ne Botschaft, die zeigt, dass das Leben von selbst oder mit einem kleinen Anstoss zur\u00fcckkehren kann.","og_url":"https:\/\/www.louplynxjura.org\/de\/","og_site_name":"Avenir Loup Lynx Jura","article_publisher":"https:\/\/www.facebook.com\/louplynxjura","article_modified_time":"2025-05-02T09:37:26+00:00","og_image":[{"width":1200,"height":630,"url":"https:\/\/www.louplynxjura.org\/wp-content\/uploads\/2022\/03\/allj-logo-1200-white-bg.png","type":"image\/png"}],"twitter_card":"summary_large_image","twitter_misc":{"Est. reading time":"2 Minuten"},"schema":{"@context":"https:\/\/schema.org","@graph":[{"@type":"WebPage","@id":"https:\/\/www.louplynxjura.org\/de\/","url":"https:\/\/www.louplynxjura.org\/de\/","name":"Startseite - Avenir Loup Lynx Jura","isPartOf":{"@id":"https:\/\/www.louplynxjura.org\/de\/#website"},"datePublished":"2017-08-23T11:15:48+00:00","dateModified":"2025-05-02T09:37:26+00:00","description":"Wolf und Luchs kehren zur\u00fcck ins Juramassiv. Eine wundersch\u00f6ne Botschaft, die zeigt, dass das Leben von selbst oder mit einem kleinen Anstoss zur\u00fcckkehren kann.","breadcrumb":{"@id":"https:\/\/www.louplynxjura.org\/de\/#breadcrumb"},"inLanguage":"de-DE","potentialAction":[{"@type":"ReadAction","target":["https:\/\/www.louplynxjura.org\/de\/"]}]},{"@type":"BreadcrumbList","@id":"https:\/\/www.louplynxjura.org\/de\/#breadcrumb","itemListElement":[{"@type":"ListItem","position":1,"name":"Home","item":"https:\/\/www.louplynxjura.org\/de\/"},{"@type":"ListItem","position":2,"name":"Startseite"}]},{"@type":"WebSite","@id":"https:\/\/www.louplynxjura.org\/de\/#website","url":"https:\/\/www.louplynxjura.org\/de\/","name":"Avenir Loup Lynx Jura","description":"Eine Zukunft f\u00fcr sie und uns","publisher":{"@id":"https:\/\/www.louplynxjura.org\/de\/#organization"},"potentialAction":[{"@type":"SearchAction","target":{"@type":"EntryPoint","urlTemplate":"https:\/\/www.louplynxjura.org\/de\/?s={search_term_string}"},"query-input":{"@type":"PropertyValueSpecification","valueRequired":true,"valueName":"search_term_string"}}],"inLanguage":"de-DE"},{"@type":"Organization","@id":"https:\/\/www.louplynxjura.org\/de\/#organization","name":"Avenir Loup Lynx Jura","url":"https:\/\/www.louplynxjura.org\/de\/","logo":{"@type":"ImageObject","inLanguage":"de-DE","@id":"https:\/\/www.louplynxjura.org\/de\/#\/schema\/logo\/image\/","url":"https:\/\/www.louplynxjura.org\/wp-content\/uploads\/2022\/03\/allj-logo-1024-wide-white-bg.png","contentUrl":"https:\/\/www.louplynxjura.org\/wp-content\/uploads\/2022\/03\/allj-logo-1024-wide-white-bg.png","width":1024,"height":683,"caption":"Avenir Loup Lynx Jura"},"image":{"@id":"https:\/\/www.louplynxjura.org\/de\/#\/schema\/logo\/image\/"},"sameAs":["https:\/\/www.facebook.com\/louplynxjura","https:\/\/www.instagram.com\/louplynxjura"]}]}},"_links":{"self":[{"href":"https:\/\/www.louplynxjura.org\/de\/wp-json\/wp\/v2\/pages\/1750"}],"collection":[{"href":"https:\/\/www.louplynxjura.org\/de\/wp-json\/wp\/v2\/pages"}],"about":[{"href":"https:\/\/www.louplynxjura.org\/de\/wp-json\/wp\/v2\/types\/page"}],"author":[{"embeddable":true,"href":"https:\/\/www.louplynxjura.org\/de\/wp-json\/wp\/v2\/users\/1"}],"replies":[{"embeddable":true,"href":"https:\/\/www.louplynxjura.org\/de\/wp-json\/wp\/v2\/comments?post=1750"}],"version-history":[{"count":16,"href":"https:\/\/www.louplynxjura.org\/de\/wp-json\/wp\/v2\/pages\/1750\/revisions"}],"predecessor-version":[{"id":2297,"href":"https:\/\/www.louplynxjura.org\/de\/wp-json\/wp\/v2\/pages\/1750\/revisions\/2297"}],"wp:attachment":[{"href":"https:\/\/www.louplynxjura.org\/de\/wp-json\/wp\/v2\/media?parent=1750"}],"curies":[{"name":"wp","href":"https:\/\/api.w.org\/{rel}","templated":true}]}}