{"id":1753,"date":"2022-03-02T21:53:35","date_gmt":"2022-03-02T20:53:35","guid":{"rendered":"https:\/\/www.louplynxjura.org\/datenschutzrichtlinie\/"},"modified":"2024-05-20T19:14:35","modified_gmt":"2024-05-20T17:14:35","slug":"datenschutzrichtlinie","status":"publish","type":"page","link":"https:\/\/www.louplynxjura.org\/de\/datenschutzrichtlinie\/","title":{"rendered":"Datenschutzrichtlinien"},"content":{"rendered":"\n<h2 class=\"wp-block-heading\">Einf\u00fchrung<\/h2>\n\n\n\n<p>Diese Richtlinien beschreiben im Einzelnen, was mit Ihren pers\u00f6nlichen Daten geschieht.<\/p>\n\n\n\n<h2 class=\"wp-block-heading\">Sammeln von pers\u00f6nlichen Informationen<\/h2>\n\n\n\n<h3 class=\"wp-block-heading\">Informationen, die Sie in unseren Formularen angeben<\/h3>\n\n\n\n<p>Die Informationen, die Sie uns bei der Registrierung, Spenden und Kontaktaufnahme zur Verf\u00fcgung stellen, werden ausschliesslich zur Bearbeitung Ihrer Anfrage verwendet. Sie werden nur den Vorstandsmitgliedern des Vereins oder einem aktiven Mitglied, das f\u00fcr die Bearbeitung der betreffenden Anfrage verantwortlich ist, mitgeteilt.<\/p>\n\n\n\n<p>Sie k\u00f6nnen uns jederzeit auffordern, Ihre Informationen zu l\u00f6schen.<\/p>\n\n\n\n<h3 class=\"wp-block-heading\">Homepage-Statistiken<\/h3>\n\n\n\n<p>Anonyme Informationen wie Ihr geografischer Standort, die besuchten Seiten und die Verbindungsdauer werden gespeichert, um Statistiken \u00fcber die Nutzung der Website zu erstellen. Sie werden unter keinen Umst\u00e4nden an Dritte weitergegeben oder zu kommerziellen Zwecken verwendet.<\/p>\n\n\n\n<h3 class=\"wp-block-heading\">Von anderen Seiten eingebettete Inhalte<\/h3>\n\n\n\n<p>Die Artikel auf dieser Webseite k\u00f6nnen eingebettete Inhalte (Videos, Bilder, etc.) enthalten. Inhalte, die von anderen Webseiten eingebunden werden, verhalten sich so, als w\u00fcrde der Besucher diese andere Webseite besuchen.<\/p>\n\n\n\n<p>Diese Webseiten k\u00f6nnten Daten \u00fcber Sie sammeln, Cookies verwenden, Tracking-Tools von Drittanbietern einbetten und Ihre Interaktionen mit diesen eingebetteten Inhalten verfolgen, wenn Sie ein angemeldetes Konto auf ihren Webseiten haben.<\/p>\n\n\n\n<h3 class=\"wp-block-heading\">Erkennung von SPAM-Robotern<\/h3>\n\n\n\n<p>Wir verwenden den Google-Dienst reCAPTCHA, der das Surfverhalten analysiert, um unsere Formulare vor SPAM-Robotern zu sch\u00fctzen. Weitere Informationen: <a rel=\"noreferrer noopener\" href=\"https:\/\/policies.google.com\/privacy\" target=\"_blank\">Datenschutzbestimmungen<\/a>.<\/p>\n\n\n\n<h2 class=\"wp-block-heading\">Lokalisierung des Standorts<\/h2>\n\n\n\n<p>www.louplynxjura.org wird in der Schweiz bei <a href=\"https:\/\/www.infomaniak.com\/\" data-type=\"URL\" data-id=\"https:\/\/www.infomaniak.com\/\" target=\"_blank\" rel=\"noreferrer noopener\">Infomaniak<\/a> gehostet.<\/p>\n\n\n\n<p>Dieser Hoster verpflichtet sich zu starken <a data-type=\"URL\" data-id=\"https:\/\/www.infomaniak.com\/fr\/ecologie\/engagements\" href=\"https:\/\/www.infomaniak.com\/fr\/ecologie\/engagements\" target=\"_blank\" rel=\"noreferrer noopener\">\u00f6kologischen und sozialen Massnahmen<\/a>!<\/p>\n","protected":false},"excerpt":{"rendered":"<p>Einf\u00fchrung Diese Richtlinien beschreiben im Einzelnen, was mit Ihren pers\u00f6nlichen Daten geschieht. Sammeln von pers\u00f6nlichen Informationen Informationen, die Sie in unseren Formularen angeben Die Informationen, die Sie uns bei der [&hellip;]<\/p>\n","protected":false},"author":1,"featured_media":0,"parent":0,"menu_order":0,"comment_status":"closed","ping_status":"closed","template":"","meta":{"ub_ctt_via":"","footnotes":""},"class_list":["post-1753","page","type-page","status-publish","hentry"],"featured_image_src":null,"yoast_head":"<!-- This site is optimized with the Yoast SEO plugin v23.4 - https:\/\/yoast.com\/wordpress\/plugins\/seo\/ -->\n<title>Datenschutzrichtlinien - Avenir Loup Lynx Jura<\/title>\n<meta name=\"robots\" content=\"index, follow, max-snippet:-1, max-image-preview:large, max-video-preview:-1\" \/>\n<link rel=\"canonical\" href=\"https:\/\/www.louplynxjura.org\/de\/datenschutzrichtlinie\/\" \/>\n<meta property=\"og:locale\" content=\"de_DE\" \/>\n<meta property=\"og:type\" content=\"article\" \/>\n<meta property=\"og:title\" content=\"Datenschutzrichtlinien - Avenir Loup Lynx Jura\" \/>\n<meta property=\"og:description\" content=\"Einf\u00fchrung Diese Richtlinien beschreiben im Einzelnen, was mit Ihren pers\u00f6nlichen Daten geschieht. Sammeln von pers\u00f6nlichen Informationen Informationen, die Sie in unseren Formularen angeben Die Informationen, die Sie uns bei der [&hellip;]\" \/>\n<meta property=\"og:url\" content=\"https:\/\/www.louplynxjura.org\/de\/datenschutzrichtlinie\/\" \/>\n<meta property=\"og:site_name\" content=\"Avenir Loup Lynx Jura\" \/>\n<meta property=\"article:publisher\" content=\"https:\/\/www.facebook.com\/louplynxjura\" \/>\n<meta property=\"article:modified_time\" content=\"2024-05-20T17:14:35+00:00\" \/>\n<meta property=\"og:image\" content=\"https:\/\/www.louplynxjura.org\/wp-content\/uploads\/2022\/03\/allj-logo-1200-white-bg.png\" \/>\n\t<meta property=\"og:image:width\" content=\"1200\" \/>\n\t<meta property=\"og:image:height\" content=\"630\" \/>\n\t<meta property=\"og:image:type\" content=\"image\/png\" \/>\n<meta name=\"twitter:card\" content=\"summary_large_image\" \/>\n<meta name=\"twitter:label1\" content=\"Est. reading time\" \/>\n\t<meta name=\"twitter:data1\" content=\"1 Minute\" \/>\n<script type=\"application\/ld+json\" class=\"yoast-schema-graph\">{\"@context\":\"https:\/\/schema.org\",\"@graph\":[{\"@type\":\"WebPage\",\"@id\":\"https:\/\/www.louplynxjura.org\/de\/datenschutzrichtlinie\/\",\"url\":\"https:\/\/www.louplynxjura.org\/de\/datenschutzrichtlinie\/\",\"name\":\"Datenschutzrichtlinien - Avenir Loup Lynx Jura\",\"isPartOf\":{\"@id\":\"https:\/\/www.louplynxjura.org\/de\/#website\"},\"datePublished\":\"2022-03-02T20:53:35+00:00\",\"dateModified\":\"2024-05-20T17:14:35+00:00\",\"breadcrumb\":{\"@id\":\"https:\/\/www.louplynxjura.org\/de\/datenschutzrichtlinie\/#breadcrumb\"},\"inLanguage\":\"de-DE\",\"potentialAction\":[{\"@type\":\"ReadAction\",\"target\":[\"https:\/\/www.louplynxjura.org\/de\/datenschutzrichtlinie\/\"]}]},{\"@type\":\"BreadcrumbList\",\"@id\":\"https:\/\/www.louplynxjura.org\/de\/datenschutzrichtlinie\/#breadcrumb\",\"itemListElement\":[{\"@type\":\"ListItem\",\"position\":1,\"name\":\"Home\",\"item\":\"https:\/\/www.louplynxjura.org\/de\/\"},{\"@type\":\"ListItem\",\"position\":2,\"name\":\"Datenschutzrichtlinien\"}]},{\"@type\":\"WebSite\",\"@id\":\"https:\/\/www.louplynxjura.org\/de\/#website\",\"url\":\"https:\/\/www.louplynxjura.org\/de\/\",\"name\":\"Avenir Loup Lynx Jura\",\"description\":\"Eine Zukunft f\u00fcr sie und uns\",\"publisher\":{\"@id\":\"https:\/\/www.louplynxjura.org\/de\/#organization\"},\"potentialAction\":[{\"@type\":\"SearchAction\",\"target\":{\"@type\":\"EntryPoint\",\"urlTemplate\":\"https:\/\/www.louplynxjura.org\/de\/?s={search_term_string}\"},\"query-input\":{\"@type\":\"PropertyValueSpecification\",\"valueRequired\":true,\"valueName\":\"search_term_string\"}}],\"inLanguage\":\"de-DE\"},{\"@type\":\"Organization\",\"@id\":\"https:\/\/www.louplynxjura.org\/de\/#organization\",\"name\":\"Avenir Loup Lynx Jura\",\"url\":\"https:\/\/www.louplynxjura.org\/de\/\",\"logo\":{\"@type\":\"ImageObject\",\"inLanguage\":\"de-DE\",\"@id\":\"https:\/\/www.louplynxjura.org\/de\/#\/schema\/logo\/image\/\",\"url\":\"https:\/\/www.louplynxjura.org\/wp-content\/uploads\/2022\/03\/allj-logo-1024-wide-white-bg.png\",\"contentUrl\":\"https:\/\/www.louplynxjura.org\/wp-content\/uploads\/2022\/03\/allj-logo-1024-wide-white-bg.png\",\"width\":1024,\"height\":683,\"caption\":\"Avenir Loup Lynx Jura\"},\"image\":{\"@id\":\"https:\/\/www.louplynxjura.org\/de\/#\/schema\/logo\/image\/\"},\"sameAs\":[\"https:\/\/www.facebook.com\/louplynxjura\",\"https:\/\/www.instagram.com\/louplynxjura\"]}]}<\/script>\n<!-- \/ Yoast SEO plugin. -->","yoast_head_json":{"title":"Datenschutzrichtlinien - Avenir Loup Lynx Jura","robots":{"index":"index","follow":"follow","max-snippet":"max-snippet:-1","max-image-preview":"max-image-preview:large","max-video-preview":"max-video-preview:-1"},"canonical":"https:\/\/www.louplynxjura.org\/de\/datenschutzrichtlinie\/","og_locale":"de_DE","og_type":"article","og_title":"Datenschutzrichtlinien - Avenir Loup Lynx Jura","og_description":"Einf\u00fchrung Diese Richtlinien beschreiben im Einzelnen, was mit Ihren pers\u00f6nlichen Daten geschieht. Sammeln von pers\u00f6nlichen Informationen Informationen, die Sie in unseren Formularen angeben Die Informationen, die Sie uns bei der [&hellip;]","og_url":"https:\/\/www.louplynxjura.org\/de\/datenschutzrichtlinie\/","og_site_name":"Avenir Loup Lynx Jura","article_publisher":"https:\/\/www.facebook.com\/louplynxjura","article_modified_time":"2024-05-20T17:14:35+00:00","og_image":[{"width":1200,"height":630,"url":"https:\/\/www.louplynxjura.org\/wp-content\/uploads\/2022\/03\/allj-logo-1200-white-bg.png","type":"image\/png"}],"twitter_card":"summary_large_image","twitter_misc":{"Est. reading time":"1 Minute"},"schema":{"@context":"https:\/\/schema.org","@graph":[{"@type":"WebPage","@id":"https:\/\/www.louplynxjura.org\/de\/datenschutzrichtlinie\/","url":"https:\/\/www.louplynxjura.org\/de\/datenschutzrichtlinie\/","name":"Datenschutzrichtlinien - Avenir Loup Lynx Jura","isPartOf":{"@id":"https:\/\/www.louplynxjura.org\/de\/#website"},"datePublished":"2022-03-02T20:53:35+00:00","dateModified":"2024-05-20T17:14:35+00:00","breadcrumb":{"@id":"https:\/\/www.louplynxjura.org\/de\/datenschutzrichtlinie\/#breadcrumb"},"inLanguage":"de-DE","potentialAction":[{"@type":"ReadAction","target":["https:\/\/www.louplynxjura.org\/de\/datenschutzrichtlinie\/"]}]},{"@type":"BreadcrumbList","@id":"https:\/\/www.louplynxjura.org\/de\/datenschutzrichtlinie\/#breadcrumb","itemListElement":[{"@type":"ListItem","position":1,"name":"Home","item":"https:\/\/www.louplynxjura.org\/de\/"},{"@type":"ListItem","position":2,"name":"Datenschutzrichtlinien"}]},{"@type":"WebSite","@id":"https:\/\/www.louplynxjura.org\/de\/#website","url":"https:\/\/www.louplynxjura.org\/de\/","name":"Avenir Loup Lynx Jura","description":"Eine Zukunft f\u00fcr sie und uns","publisher":{"@id":"https:\/\/www.louplynxjura.org\/de\/#organization"},"potentialAction":[{"@type":"SearchAction","target":{"@type":"EntryPoint","urlTemplate":"https:\/\/www.louplynxjura.org\/de\/?s={search_term_string}"},"query-input":{"@type":"PropertyValueSpecification","valueRequired":true,"valueName":"search_term_string"}}],"inLanguage":"de-DE"},{"@type":"Organization","@id":"https:\/\/www.louplynxjura.org\/de\/#organization","name":"Avenir Loup Lynx Jura","url":"https:\/\/www.louplynxjura.org\/de\/","logo":{"@type":"ImageObject","inLanguage":"de-DE","@id":"https:\/\/www.louplynxjura.org\/de\/#\/schema\/logo\/image\/","url":"https:\/\/www.louplynxjura.org\/wp-content\/uploads\/2022\/03\/allj-logo-1024-wide-white-bg.png","contentUrl":"https:\/\/www.louplynxjura.org\/wp-content\/uploads\/2022\/03\/allj-logo-1024-wide-white-bg.png","width":1024,"height":683,"caption":"Avenir Loup Lynx Jura"},"image":{"@id":"https:\/\/www.louplynxjura.org\/de\/#\/schema\/logo\/image\/"},"sameAs":["https:\/\/www.facebook.com\/louplynxjura","https:\/\/www.instagram.com\/louplynxjura"]}]}},"_links":{"self":[{"href":"https:\/\/www.louplynxjura.org\/de\/wp-json\/wp\/v2\/pages\/1753"}],"collection":[{"href":"https:\/\/www.louplynxjura.org\/de\/wp-json\/wp\/v2\/pages"}],"about":[{"href":"https:\/\/www.louplynxjura.org\/de\/wp-json\/wp\/v2\/types\/page"}],"author":[{"embeddable":true,"href":"https:\/\/www.louplynxjura.org\/de\/wp-json\/wp\/v2\/users\/1"}],"replies":[{"embeddable":true,"href":"https:\/\/www.louplynxjura.org\/de\/wp-json\/wp\/v2\/comments?post=1753"}],"version-history":[{"count":2,"href":"https:\/\/www.louplynxjura.org\/de\/wp-json\/wp\/v2\/pages\/1753\/revisions"}],"predecessor-version":[{"id":1829,"href":"https:\/\/www.louplynxjura.org\/de\/wp-json\/wp\/v2\/pages\/1753\/revisions\/1829"}],"wp:attachment":[{"href":"https:\/\/www.louplynxjura.org\/de\/wp-json\/wp\/v2\/media?parent=1753"}],"curies":[{"name":"wp","href":"https:\/\/api.w.org\/{rel}","templated":true}]}}