{"id":1757,"date":"2022-02-21T00:01:28","date_gmt":"2022-02-20T23:01:28","guid":{"rendered":"https:\/\/www.louplynxjura.org\/der-verein\/"},"modified":"2024-05-20T19:19:13","modified_gmt":"2024-05-20T17:19:13","slug":"der-verein","status":"publish","type":"page","link":"https:\/\/www.louplynxjura.org\/de\/der-verein\/","title":{"rendered":"Der Verein"},"content":{"rendered":"\n<h2 class=\"wp-block-heading\">Wer wir sind<\/h2>\n\n\n\n<p><strong>Avenir Loup Lynx Jura<\/strong> (ALLJ) ist ein gemeinn\u00fctziger Verein zum Schutz von W\u00f6lfen und Luchsen im Schweizerisch-Franz\u00f6sischen Jura. Er wurde im Februar 2022 gegr\u00fcndet. Die Gr\u00fcndungsmitglieder sind Naturwissenschaftler, Tierfotografen und Liebhaber von Wildtieren.<\/p>\n\n\n\n<p>Ausl\u00f6ser f\u00fcr den Zusammenschluss war die erste Abschussgenehmigung im Jahr 2021 im Juramassiv und die Feststellung, dass es allgemein an Wissen \u00fcber die Grossraubtiere mangelt.<\/p>\n\n\n\n<p>Wir tr\u00e4umen von einem Jura, in dem jeder seinen Platz hat, bewusst und mit Respekt.<\/p>\n\n\n\n<h2 class=\"wp-block-heading\">Unser Anspruch<\/h2>\n\n\n\n<p>Wir wollen ein unverzichtbarer Gespr\u00e4chspartner in der Debatte \u00fcber Grossraubtiere werden und eine treibende Kraft f\u00fcr effektive L\u00f6sungen sein.<\/p>\n\n\n\n<p>Nur durch die Zusammenarbeit mit anerkannten Fachleuten und anderen Verb\u00e4nden k\u00f6nnen wir L\u00f6sungen vorschlagen und deren Umsetzung unterst\u00fctzen, welche ein friedliches Zusammenleben mit der Weidewirtschaft und der Bev\u00f6lkerung f\u00f6rdern.<\/p>\n\n\n\n<h2 class=\"wp-block-heading\">Auf mehreren Ebenen handeln<\/h2>\n\n\n\n<p><strong>ALLJ<\/strong> setzt sich f\u00fcr Kommunikationsmassnahmen ein, die beruhigend wirken sollen und bleibt gleichzeitig dem Schutz und der Erhaltung von Wolf und Luchs verpflichtet. Der Verein kann auch auf rechtlicher Ebene t\u00e4tig werden, wenn diese Werte nicht eingehalten werden.<\/p>\n\n\n\n<p><strong>ALLJ<\/strong> beabsichtigt, auf mehreren Ebenen zu agieren:<\/p>\n\n\n\n<ul class=\"wp-block-list\">\n<li>Erleichterung der Koexistenz zwischen Grossraubtieren und Menschen.<\/li>\n\n\n\n<li>Informieren der Bev\u00f6lkerung \u00fcber das richtige Verhalten im Falle einer Begegnung mit einem Grossraubtier.<\/li>\n\n\n\n<li>F\u00f6rderung und Ermutigung der Betreiber von Weidewirtschaft, welche sich f\u00fcr ein friedliches Zusammenleben einsetzen.<\/li>\n\n\n\n<li>\u00dcber die \u00dcberwachung und das Management von Grossraubtieren im Juramassiv informieren.<\/li>\n\n\n\n<li>Vor Wilderei und deren Verherrlichung warnen.<\/li>\n\n\n\n<li>Sensibilisierung der breiten \u00d6ffentlichkeit f\u00fcr die Rolle von Grossraubtieren in \u00d6kosystemen.<\/li>\n<\/ul>\n\n\n\n<p>Wir m\u00f6chten die Fehler der Vergangenheit nicht wiederholen, da sie sich als unwirksam erwiesen haben.<\/p>\n","protected":false},"excerpt":{"rendered":"<p>Wer wir sind Avenir Loup Lynx Jura (ALLJ) ist ein gemeinn\u00fctziger Verein zum Schutz von W\u00f6lfen und Luchsen im Schweizerisch-Franz\u00f6sischen Jura. Er wurde im Februar 2022 gegr\u00fcndet. Die Gr\u00fcndungsmitglieder sind [&hellip;]<\/p>\n","protected":false},"author":1,"featured_media":0,"parent":0,"menu_order":0,"comment_status":"closed","ping_status":"closed","template":"","meta":{"ub_ctt_via":"","footnotes":""},"class_list":["post-1757","page","type-page","status-publish","hentry"],"featured_image_src":null,"yoast_head":"<!-- This site is optimized with the Yoast SEO plugin v23.4 - https:\/\/yoast.com\/wordpress\/plugins\/seo\/ -->\n<title>Der Verein - Avenir Loup Lynx Jura<\/title>\n<meta name=\"robots\" content=\"index, follow, max-snippet:-1, max-image-preview:large, max-video-preview:-1\" \/>\n<link rel=\"canonical\" href=\"https:\/\/www.louplynxjura.org\/de\/der-verein\/\" \/>\n<meta property=\"og:locale\" content=\"de_DE\" \/>\n<meta property=\"og:type\" content=\"article\" \/>\n<meta property=\"og:title\" content=\"Der Verein - Avenir Loup Lynx Jura\" \/>\n<meta property=\"og:description\" content=\"Wer wir sind Avenir Loup Lynx Jura (ALLJ) ist ein gemeinn\u00fctziger Verein zum Schutz von W\u00f6lfen und Luchsen im Schweizerisch-Franz\u00f6sischen Jura. Er wurde im Februar 2022 gegr\u00fcndet. Die Gr\u00fcndungsmitglieder sind [&hellip;]\" \/>\n<meta property=\"og:url\" content=\"https:\/\/www.louplynxjura.org\/de\/der-verein\/\" \/>\n<meta property=\"og:site_name\" content=\"Avenir Loup Lynx Jura\" \/>\n<meta property=\"article:publisher\" content=\"https:\/\/www.facebook.com\/louplynxjura\" \/>\n<meta property=\"article:modified_time\" content=\"2024-05-20T17:19:13+00:00\" \/>\n<meta property=\"og:image\" content=\"https:\/\/www.louplynxjura.org\/wp-content\/uploads\/2022\/03\/allj-logo-1200-white-bg.png\" \/>\n\t<meta property=\"og:image:width\" content=\"1200\" \/>\n\t<meta property=\"og:image:height\" content=\"630\" \/>\n\t<meta property=\"og:image:type\" content=\"image\/png\" \/>\n<meta name=\"twitter:card\" content=\"summary_large_image\" \/>\n<meta name=\"twitter:label1\" content=\"Est. reading time\" \/>\n\t<meta name=\"twitter:data1\" content=\"1 Minute\" \/>\n<script type=\"application\/ld+json\" class=\"yoast-schema-graph\">{\"@context\":\"https:\/\/schema.org\",\"@graph\":[{\"@type\":\"WebPage\",\"@id\":\"https:\/\/www.louplynxjura.org\/de\/der-verein\/\",\"url\":\"https:\/\/www.louplynxjura.org\/de\/der-verein\/\",\"name\":\"Der Verein - Avenir Loup Lynx Jura\",\"isPartOf\":{\"@id\":\"https:\/\/www.louplynxjura.org\/de\/#website\"},\"datePublished\":\"2022-02-20T23:01:28+00:00\",\"dateModified\":\"2024-05-20T17:19:13+00:00\",\"breadcrumb\":{\"@id\":\"https:\/\/www.louplynxjura.org\/de\/der-verein\/#breadcrumb\"},\"inLanguage\":\"de-DE\",\"potentialAction\":[{\"@type\":\"ReadAction\",\"target\":[\"https:\/\/www.louplynxjura.org\/de\/der-verein\/\"]}]},{\"@type\":\"BreadcrumbList\",\"@id\":\"https:\/\/www.louplynxjura.org\/de\/der-verein\/#breadcrumb\",\"itemListElement\":[{\"@type\":\"ListItem\",\"position\":1,\"name\":\"Home\",\"item\":\"https:\/\/www.louplynxjura.org\/de\/\"},{\"@type\":\"ListItem\",\"position\":2,\"name\":\"Der Verein\"}]},{\"@type\":\"WebSite\",\"@id\":\"https:\/\/www.louplynxjura.org\/de\/#website\",\"url\":\"https:\/\/www.louplynxjura.org\/de\/\",\"name\":\"Avenir Loup Lynx Jura\",\"description\":\"Eine Zukunft f\u00fcr sie und uns\",\"publisher\":{\"@id\":\"https:\/\/www.louplynxjura.org\/de\/#organization\"},\"potentialAction\":[{\"@type\":\"SearchAction\",\"target\":{\"@type\":\"EntryPoint\",\"urlTemplate\":\"https:\/\/www.louplynxjura.org\/de\/?s={search_term_string}\"},\"query-input\":{\"@type\":\"PropertyValueSpecification\",\"valueRequired\":true,\"valueName\":\"search_term_string\"}}],\"inLanguage\":\"de-DE\"},{\"@type\":\"Organization\",\"@id\":\"https:\/\/www.louplynxjura.org\/de\/#organization\",\"name\":\"Avenir Loup Lynx Jura\",\"url\":\"https:\/\/www.louplynxjura.org\/de\/\",\"logo\":{\"@type\":\"ImageObject\",\"inLanguage\":\"de-DE\",\"@id\":\"https:\/\/www.louplynxjura.org\/de\/#\/schema\/logo\/image\/\",\"url\":\"https:\/\/www.louplynxjura.org\/wp-content\/uploads\/2022\/03\/allj-logo-1024-wide-white-bg.png\",\"contentUrl\":\"https:\/\/www.louplynxjura.org\/wp-content\/uploads\/2022\/03\/allj-logo-1024-wide-white-bg.png\",\"width\":1024,\"height\":683,\"caption\":\"Avenir Loup Lynx Jura\"},\"image\":{\"@id\":\"https:\/\/www.louplynxjura.org\/de\/#\/schema\/logo\/image\/\"},\"sameAs\":[\"https:\/\/www.facebook.com\/louplynxjura\",\"https:\/\/www.instagram.com\/louplynxjura\"]}]}<\/script>\n<!-- \/ Yoast SEO plugin. -->","yoast_head_json":{"title":"Der Verein - Avenir Loup Lynx Jura","robots":{"index":"index","follow":"follow","max-snippet":"max-snippet:-1","max-image-preview":"max-image-preview:large","max-video-preview":"max-video-preview:-1"},"canonical":"https:\/\/www.louplynxjura.org\/de\/der-verein\/","og_locale":"de_DE","og_type":"article","og_title":"Der Verein - Avenir Loup Lynx Jura","og_description":"Wer wir sind Avenir Loup Lynx Jura (ALLJ) ist ein gemeinn\u00fctziger Verein zum Schutz von W\u00f6lfen und Luchsen im Schweizerisch-Franz\u00f6sischen Jura. Er wurde im Februar 2022 gegr\u00fcndet. Die Gr\u00fcndungsmitglieder sind [&hellip;]","og_url":"https:\/\/www.louplynxjura.org\/de\/der-verein\/","og_site_name":"Avenir Loup Lynx Jura","article_publisher":"https:\/\/www.facebook.com\/louplynxjura","article_modified_time":"2024-05-20T17:19:13+00:00","og_image":[{"width":1200,"height":630,"url":"https:\/\/www.louplynxjura.org\/wp-content\/uploads\/2022\/03\/allj-logo-1200-white-bg.png","type":"image\/png"}],"twitter_card":"summary_large_image","twitter_misc":{"Est. reading time":"1 Minute"},"schema":{"@context":"https:\/\/schema.org","@graph":[{"@type":"WebPage","@id":"https:\/\/www.louplynxjura.org\/de\/der-verein\/","url":"https:\/\/www.louplynxjura.org\/de\/der-verein\/","name":"Der Verein - Avenir Loup Lynx Jura","isPartOf":{"@id":"https:\/\/www.louplynxjura.org\/de\/#website"},"datePublished":"2022-02-20T23:01:28+00:00","dateModified":"2024-05-20T17:19:13+00:00","breadcrumb":{"@id":"https:\/\/www.louplynxjura.org\/de\/der-verein\/#breadcrumb"},"inLanguage":"de-DE","potentialAction":[{"@type":"ReadAction","target":["https:\/\/www.louplynxjura.org\/de\/der-verein\/"]}]},{"@type":"BreadcrumbList","@id":"https:\/\/www.louplynxjura.org\/de\/der-verein\/#breadcrumb","itemListElement":[{"@type":"ListItem","position":1,"name":"Home","item":"https:\/\/www.louplynxjura.org\/de\/"},{"@type":"ListItem","position":2,"name":"Der Verein"}]},{"@type":"WebSite","@id":"https:\/\/www.louplynxjura.org\/de\/#website","url":"https:\/\/www.louplynxjura.org\/de\/","name":"Avenir Loup Lynx Jura","description":"Eine Zukunft f\u00fcr sie und uns","publisher":{"@id":"https:\/\/www.louplynxjura.org\/de\/#organization"},"potentialAction":[{"@type":"SearchAction","target":{"@type":"EntryPoint","urlTemplate":"https:\/\/www.louplynxjura.org\/de\/?s={search_term_string}"},"query-input":{"@type":"PropertyValueSpecification","valueRequired":true,"valueName":"search_term_string"}}],"inLanguage":"de-DE"},{"@type":"Organization","@id":"https:\/\/www.louplynxjura.org\/de\/#organization","name":"Avenir Loup Lynx Jura","url":"https:\/\/www.louplynxjura.org\/de\/","logo":{"@type":"ImageObject","inLanguage":"de-DE","@id":"https:\/\/www.louplynxjura.org\/de\/#\/schema\/logo\/image\/","url":"https:\/\/www.louplynxjura.org\/wp-content\/uploads\/2022\/03\/allj-logo-1024-wide-white-bg.png","contentUrl":"https:\/\/www.louplynxjura.org\/wp-content\/uploads\/2022\/03\/allj-logo-1024-wide-white-bg.png","width":1024,"height":683,"caption":"Avenir Loup Lynx Jura"},"image":{"@id":"https:\/\/www.louplynxjura.org\/de\/#\/schema\/logo\/image\/"},"sameAs":["https:\/\/www.facebook.com\/louplynxjura","https:\/\/www.instagram.com\/louplynxjura"]}]}},"_links":{"self":[{"href":"https:\/\/www.louplynxjura.org\/de\/wp-json\/wp\/v2\/pages\/1757"}],"collection":[{"href":"https:\/\/www.louplynxjura.org\/de\/wp-json\/wp\/v2\/pages"}],"about":[{"href":"https:\/\/www.louplynxjura.org\/de\/wp-json\/wp\/v2\/types\/page"}],"author":[{"embeddable":true,"href":"https:\/\/www.louplynxjura.org\/de\/wp-json\/wp\/v2\/users\/1"}],"replies":[{"embeddable":true,"href":"https:\/\/www.louplynxjura.org\/de\/wp-json\/wp\/v2\/comments?post=1757"}],"version-history":[{"count":2,"href":"https:\/\/www.louplynxjura.org\/de\/wp-json\/wp\/v2\/pages\/1757\/revisions"}],"predecessor-version":[{"id":1830,"href":"https:\/\/www.louplynxjura.org\/de\/wp-json\/wp\/v2\/pages\/1757\/revisions\/1830"}],"wp:attachment":[{"href":"https:\/\/www.louplynxjura.org\/de\/wp-json\/wp\/v2\/media?parent=1757"}],"curies":[{"name":"wp","href":"https:\/\/api.w.org\/{rel}","templated":true}]}}