{"id":1761,"date":"2022-02-21T11:23:28","date_gmt":"2022-02-21T10:23:28","guid":{"rendered":"https:\/\/www.louplynxjura.org\/der-verein\/die-satzung\/"},"modified":"2025-05-02T12:50:34","modified_gmt":"2025-05-02T10:50:34","slug":"die-satzung","status":"publish","type":"page","link":"https:\/\/www.louplynxjura.org\/de\/der-verein\/die-satzung\/","title":{"rendered":"Statuten"},"content":{"rendered":"<p>[vc_row][vc_column][vc_column_text]<\/p>\n<h2 class=\"wp-block-heading\" id=\"forme-juridique-but-et-siege\">Rechtsform, Zweck und Sitz<\/h2>\n<br \/>\n<h3 class=\"wp-block-heading\" id=\"art-1\">Art. 1<\/h3>\n<p>\u201eAvenir Loup Lynx Jura\u201c ist ein nicht gewinnorientierter Verein, geregelt durch die vorliegenden Statuten und Artikel 60 ff. des Schweizerischen Zivilgesetzbuches.<\/p>\n<br \/>\n<h3 class=\"wp-block-heading\" id=\"art-2\">Art. 2<\/h3>\n\n<p>Der Verein hat folgende Ziele:<\/p>\n<br \/>\n<ul class=\"wp-block-list\">\n<li>Erhaltung und Schutz der Grossraubtiere im Juramassiv<\/li>\n<li>Die Sensibilisierung der Bev\u00f6lkerung \u00fcber das Zusammenleben mit den Grossraubtieren im Juramassiv<\/li>\n<\/ul>\n<br \/>\n<h3 class=\"wp-block-heading\" id=\"art-3\">Art. 3<\/h3>\n\n<p>Der Sitz des Vereins ist in Arzier-Le-Muids, Kanton Waadt.<\/p>\n<br \/>\n<h2 class=\"wp-block-heading\" id=\"organisation\">Organisation<\/h2>\n<br \/>\n<h3 class=\"wp-block-heading\" id=\"organisation\">Art. 4<\/h3>\n<br \/>\n<p id=\"organisation\">Die Organe des Vereins sind :<\/p>\n<br \/>\n<ul class=\"wp-block-list\">\n<li>Die Generalversammlung<\/li>\n<li>Der Vorstand<\/li>\n<li>Die Revision<\/li>\n<\/ul>\n<br \/>\n<h3 class=\"wp-block-heading\" id=\"art-5\">Art. 5<\/h3>\n\n<p>Die Mittel des Vereins bestehen aus den ordentlichen oder ausserordentlichen Beitr\u00e4gen seiner Mitglieder, aus Spenden, Schenkungen oder Verm\u00e4chtnissen und aus den Ertr\u00e4gen der Aktivit\u00e4ten des Vereins.<\/p>\n\n<p>Das Gesch\u00e4ftsjahr beginnt am 1. Januar und endet am 31. Dezember eines jeden Jahres.<\/p>\n<p>Verbindlichkeiten werden durch das Vereinsverm\u00f6gen unter Ausschluss jeglicher pers\u00f6nlicher Haftung ihrer Mitglieder garantiert.<\/p>\n<br \/>\n<h2 class=\"wp-block-heading\" id=\"membres\">Mitglieder<\/h2>\n<br \/>\n<h3 class=\"wp-block-heading\" id=\"art-6\">Art. 6<\/h3>\n<p>Mitglieder k\u00f6nnen alle Personen oder Organisationen werden, die an der Verwirklichung der in Art. 2 geregelten Ziele mitarbeiten wollen.<\/p>\n<br \/>\n<h3 class=\"wp-block-heading\" id=\"art-7\">Art. 7<\/h3>\n\n<p>Der Verein besteht aus :<\/p>\n<br \/>\n<ul class=\"wp-block-list\">\n<li>Aktivmitglieder<\/li>\n<li>Passivmitglieder<\/li>\n<li>Ehrenmitglieder<\/li>\n<\/ul>\n<br \/>\n<h3 class=\"wp-block-heading\" id=\"art-8\">Art. 8<\/h3>\n\n<p>Aufnahmeantr\u00e4ge sind an den Vorstand zu richten. Der Vorstand nimmt neue Mitglieder auf und informiert die Generalversammlung dar\u00fcber. Um aktives Mitglied zu werden, muss man von einem anderen aktiven Mitglied geworben werden.<\/p>\n<br \/>\n<h3 class=\"wp-block-heading\" id=\"art-9\">Art. 9<\/h3>\n\n<p>Alle Aktivmitglieder sind an der Generalversammlung stimmberechtigt. Aktivmitglieder haben die M\u00f6glichkeit, sich in den vom Vorstand beauftragten Kommissionen zu engagieren. Ehrenmitglieder sind von der Zahlung des Mitgliedsbeitrags befreit. Passivmitglieder haben kein Stimmrecht.<\/p>\n<br \/>\n<h3 class=\"wp-block-heading\" id=\"art-10\">Art. 10<\/h3>\n\n<p>Die Mitgliedschaft geht verloren:<\/p>\n<br \/>\n<ul class=\"wp-block-list\">\n<li>a) durch R\u00fccktritt. In diesem Fall bleibt der Beitrag f\u00fcr das laufende Jahr f\u00e4llig.<\/li>\n<li>b) durch Ausschluss, wenn ein Mitglied dem Verein und\/oder seinem Ansehen, seinem Ruf oder seinen Interessen Schaden zuf\u00fcgt. Die wiederholte Nichtzahlung der Mitgliedsbeitr\u00e4ge f\u00fchrt ebenfalls zum Ausschluss.<\/li>\n<\/ul>\n\n<p>F\u00fcr den Ausschluss ist der Vorstand zust\u00e4ndig. Die betroffene Person kann gegen diesen Entscheid bei der Generalversammlung Beschwerde einlegen.<\/p>\n\n<p>Generalversammlung<\/p>\n<br \/>\n<h3 class=\"wp-block-heading\" id=\"art-11\">Art. 11<\/h3>\n\n<p>Die Generalversammlung ist das oberste Organ des Vereins. Sie umfasst alle Mitglieder.<\/p>\n<br \/>\n<h3 class=\"wp-block-heading\" id=\"art-12\">Art. 12<\/h3>\n\n<p>Die Generalversammlung hat folgende Befugnisse, sie :<\/p>\n<br \/>\n<ul class=\"wp-block-list\">\n<li>verabschiedet die Traktandenliste und genehmigt das Protokoll der letzten Versammlung<\/li>\n<li>ernennt die Mitglieder des Vorstandes und w\u00e4hlt eine Revisorin oder einen Revisor<\/li>\n<li>nimmt den Jahresbericht und den Jahresabschluss zur Kenntnis und stimmt \u00fcber deren Annahme ab<\/li>\n<li>Verabschiedung von Statuten\u00e4nderungen<\/li>\n<li>Anh\u00f6rung und Bearbeitung von Ausschlussverfahren<\/li>\n<li>legt die H\u00f6he des Jahresbeitrags der Mitglieder fest<\/li>\n<li>nimmt Stellung zu den weiteren traktandierten Themen<\/li>\n<\/ul>\n\n<p>Die Generalversammlung kann \u00fcber jeden Gegenstand, den sie nicht einem anderen Organ \u00fcbertragen hat, entscheiden.<\/p>\n<br \/>\n<h3 class=\"wp-block-heading\" id=\"art-13\">Art. 13<\/h3>\n\n<p>Die Generalversammlung tritt mindestens einmal im Jahr auf Einladung des Vorstands zusammen.<\/p>\n\n<p>Der Vorstand kann ausserordentliche Generalversammlungen einberufen, so oft es n\u00f6tig ist. Eine ausserordentliche Generalversammlung kann auch auf Antrag von mindestens einem F\u00fcnftel der Aktivmitglieder des Vereins einberufen werden.<\/p>\n<br \/>\n<h3 class=\"wp-block-heading\" id=\"art-14\">Art. 14<\/h3>\n\n<p>Die Versammlungen werden mindestens 14 Tage im Voraus vom Vorstand einberufen. Die Einladung erfolgt schriftlich oder per E-Mail und enth\u00e4lt die Traktanden der Versammlung.<\/p>\n<br \/>\n<h3 class=\"wp-block-heading\" id=\"art-15\">Art. 15<\/h3>\n\n<p>Der Vorstand ist verpflichtet, jeden Antrag eines Mitglieds, der innerhalb von zehn Tagen nach der Einladung per Post oder E-Mail eingereicht wird, auf die Traktandenliste der (ordentlichen oder ausserordentlichen) Generalversammlung zu setzen.<\/p>\n<br \/>\n<h3 class=\"wp-block-heading\" id=\"art-16\">Art. 16<\/h3>\n\n<p>Die Versammlung wird von der Pr\u00e4sidentin oder dem Pr\u00e4sidenten des Vereins oder von einem anderen vom Vorstand vorgeschlagenen Mitglied geleitet.<br \/>Die Sekret\u00e4rin oder der Sekret\u00e4r der Vereins oder ein anderes Mitglied des Vorstands f\u00fchrt das Protokoll der Versammlung; sie oder er unterzeichnet es zusammen mit der Person, die die Versammlung geleitet hat.<\/p>\n<br \/>\n<h3 class=\"wp-block-heading\" id=\"art-17\">Art. 17<\/h3>\n\n<p>Die Beschl\u00fcsse der Generalversammlung werden mit einfachem Mehr entschieden, ohne Ber\u00fccksichtigung von Enthaltungen und ung\u00fcltigen Stimmzetteln. Bei Stimmengleichheit gibt die Stimme des Versammlungsleiters den Ausschlag.<\/p>\n\n<p>Beschl\u00fcsse \u00fcber die \u00c4nderung der Statuten k\u00f6nnen nur mit einer Zweidrittelmehrheit der anwesenden Mitglieder gefasst werden.<\/p>\n<br \/>\n<h3 class=\"wp-block-heading\" id=\"art-18\">Art. 18<\/h3>\n\n<p>Abstimmungen werden durch Handzeichen durchgef\u00fchrt. Auf Antrag von mindestens f\u00fcnf Mitgliedern werden sie in geheim durchgef\u00fchrt. Abwesende Mitglieder haben die M\u00f6glichkeit, einem Vereinsmitglied eine Vollmacht zu erteilen. Das vertretende Mitglied darf jedoch nicht mehr als zwei Vollmachten erhalten.<\/p>\n<br \/>\n<h2 class=\"wp-block-heading\" id=\"comite\">Vorstand<\/h2>\n<br \/>\n<h3 class=\"wp-block-heading\" id=\"art-19\">Art. 19<\/h3>\n\n<p>Der Vorstand f\u00fchrt die Beschl\u00fcsse der Generalversammlung aus und setzt sie um. Er leitet den Verein und ergreift alle Massnahmen, die f\u00fcr die Erreichung der gesetzten Ziele notwendig sind. Der Vorstand entscheidet \u00fcber alle Punkte, die nicht ausdr\u00fccklich der Generalversammlung vorbehalten sind.<\/p>\n<br \/>\n<h3 class=\"wp-block-heading\" id=\"art-20\">Art. 20<\/h3>\n\n<p>Der Vorstand besteht aus mindestens drei Mitgliedern, die von der Generalversammlung f\u00fcr zwei Jahre ernannt werden und wiedergew\u00e4hlt werden k\u00f6nnen<\/p>\n<br \/>\n<h3 class=\"wp-block-heading\" id=\"art-21\">Art. 21<\/h3>\n\n<p>Im Falle einer Vakanz w\u00e4hrend der Amtszeit, kann der Vorstand bis zur n\u00e4chsten Generalversammlung ein kooptiertes Mitglied ernennen.<\/p>\n<br \/>\n<h3 class=\"wp-block-heading\" id=\"art-22\">Art. 22<\/h3>\n\n<p>Die Mitglieder des Vereinsvorstands arbeiten ehrenamtlich, vorbehaltlich der R\u00fcckerstattung ihrer effektiven Spesen gem\u00e4ss internem Reglement des Vereins.<\/p>\n<br \/>\n<h3 class=\"wp-block-heading\" id=\"art-23\">Art. 23<\/h3>\n\n<p>Der Verein wird rechtsg\u00fcltig durch die Kollektivunterschrift von zwei Vorstandsmitgliedern verpflichtet.<\/p>\n<br \/>\n<h3 class=\"wp-block-heading\" id=\"art-24\">Art. 24<\/h3>\n\n<p>Der Vorstand ist zust\u00e4ndig f\u00fcr :<\/p>\n<br \/>\n<ul class=\"wp-block-list\">\n<li>alle Massnahmen um die angestrebten Ziele zu erreichen.<\/li>\n<li>Einberufung der ordentlichen und\/oder ausserordentlichen Generalversammlung<\/li>\n<li>Entscheidungen \u00fcber die Aufnahme oder den Ausschluss eines Mitglieds\u00a0<\/li>\n<li>Die Umsetzung der Statuten, die Erstellung von Reglementen und die Verwaltung des Vereinsverm\u00f6gens.<\/li>\n<li>F\u00fchren der Vereins-Buchhaltung<\/li>\n<\/ul>\n<br \/>\n<h3 class=\"wp-block-heading\" id=\"art-25\">Art. 25<\/h3>\n\n<p>Der Vorstand stellt die angestellten und ehrenamtlichen Mitarbeiterinnen und Mitarbeiter des Vereins ein (oder entl\u00e4sst sie). Er kann jeder Person des Vereins ausserhalb der Aktivmitglieder oder ausserhalb des Vereins ein zeitlich begrenztes Mandat erteilen.<\/p>\n<br \/>\n<h2 class=\"wp-block-heading\" id=\"organe-de-controle\">Revision<\/h2>\n<br \/>\n<h3 class=\"wp-block-heading\" id=\"art-26\">Art. 26<\/h3>\n<p>Die Revisorin oder der Revisor pr\u00fcft die Finanzen des Vereins und legt der Generalversammlung einen Bericht vor. Sie oder er wird von der Generalversammlung ausserhalb des Vorstandes ernannt.<\/p>\n<br \/>\n<h2 class=\"wp-block-heading\" id=\"dissolution\">Aufl\u00f6sung<\/h2>\n<br \/>\n<h3 class=\"wp-block-heading\" id=\"art-27\">Art. 27<\/h3>\n\n<p>Die Aufl\u00f6sung des Vereins wird von der Generalversammlung mit einer Mehrheit von zwei Dritteln der anwesenden Mitglieder beschlossen. Sie muss in der Einladung zu dieser Versammlung erw\u00e4hnt werden. Ein allf\u00e4lliges Restverm\u00f6gen wird einer schweizerischen Institution \u00fcbergeben, die aufgrund ihres gemeinn\u00fctzigen Zwecks oder ihres \u00f6ffentlichen Dienstes \u00e4hnliche Ziele verfolgt und steuerbefreit ist.<\/p>\n\n<p>Die vorliegenden Statuten wurden von der Gr\u00fcndungsversammlung am 18. Februar 2022 in Begnins angenommen.<\/p>\n<p>\u00a0<\/p>\n<p>[\/vc_column_text][\/vc_column][\/vc_row]<\/p>\n","protected":false},"excerpt":{"rendered":"<p>[vc_row][vc_column][vc_column_text] Rechtsform, Zweck und Sitz Art. 1 \u201eAvenir Loup Lynx Jura\u201c ist ein nicht gewinnorientierter Verein, geregelt durch die vorliegenden Statuten und Artikel 60 ff. des Schweizerischen Zivilgesetzbuches. Art. 2 [&hellip;]<\/p>\n","protected":false},"author":1,"featured_media":0,"parent":1757,"menu_order":20,"comment_status":"closed","ping_status":"closed","template":"","meta":{"ub_ctt_via":"","footnotes":""},"class_list":["post-1761","page","type-page","status-publish","hentry"],"featured_image_src":null,"yoast_head":"<!-- This site is optimized with the Yoast SEO plugin v23.4 - https:\/\/yoast.com\/wordpress\/plugins\/seo\/ -->\n<title>Statuten - Avenir Loup Lynx Jura<\/title>\n<meta name=\"robots\" content=\"index, follow, max-snippet:-1, max-image-preview:large, max-video-preview:-1\" \/>\n<link rel=\"canonical\" href=\"https:\/\/www.louplynxjura.org\/de\/der-verein\/die-satzung\/\" \/>\n<meta property=\"og:locale\" content=\"de_DE\" \/>\n<meta property=\"og:type\" content=\"article\" \/>\n<meta property=\"og:title\" content=\"Statuten - Avenir Loup Lynx Jura\" \/>\n<meta property=\"og:description\" content=\"[vc_row][vc_column][vc_column_text] Rechtsform, Zweck und Sitz Art. 1 \u201eAvenir Loup Lynx Jura\u201c ist ein nicht gewinnorientierter Verein, geregelt durch die vorliegenden Statuten und Artikel 60 ff. des Schweizerischen Zivilgesetzbuches. Art. 2 [&hellip;]\" \/>\n<meta property=\"og:url\" content=\"https:\/\/www.louplynxjura.org\/de\/der-verein\/die-satzung\/\" \/>\n<meta property=\"og:site_name\" content=\"Avenir Loup Lynx Jura\" \/>\n<meta property=\"article:publisher\" content=\"https:\/\/www.facebook.com\/louplynxjura\" \/>\n<meta property=\"article:modified_time\" content=\"2025-05-02T10:50:34+00:00\" \/>\n<meta property=\"og:image\" content=\"https:\/\/www.louplynxjura.org\/wp-content\/uploads\/2022\/03\/allj-logo-1200-white-bg.png\" \/>\n\t<meta property=\"og:image:width\" content=\"1200\" \/>\n\t<meta property=\"og:image:height\" content=\"630\" \/>\n\t<meta property=\"og:image:type\" content=\"image\/png\" \/>\n<meta name=\"twitter:card\" content=\"summary_large_image\" \/>\n<meta name=\"twitter:label1\" content=\"Est. reading time\" \/>\n\t<meta name=\"twitter:data1\" content=\"5 Minuten\" \/>\n<script type=\"application\/ld+json\" class=\"yoast-schema-graph\">{\"@context\":\"https:\/\/schema.org\",\"@graph\":[{\"@type\":\"WebPage\",\"@id\":\"https:\/\/www.louplynxjura.org\/de\/der-verein\/die-satzung\/\",\"url\":\"https:\/\/www.louplynxjura.org\/de\/der-verein\/die-satzung\/\",\"name\":\"Statuten - Avenir Loup Lynx Jura\",\"isPartOf\":{\"@id\":\"https:\/\/www.louplynxjura.org\/de\/#website\"},\"datePublished\":\"2022-02-21T10:23:28+00:00\",\"dateModified\":\"2025-05-02T10:50:34+00:00\",\"breadcrumb\":{\"@id\":\"https:\/\/www.louplynxjura.org\/de\/der-verein\/die-satzung\/#breadcrumb\"},\"inLanguage\":\"de-DE\",\"potentialAction\":[{\"@type\":\"ReadAction\",\"target\":[\"https:\/\/www.louplynxjura.org\/de\/der-verein\/die-satzung\/\"]}]},{\"@type\":\"BreadcrumbList\",\"@id\":\"https:\/\/www.louplynxjura.org\/de\/der-verein\/die-satzung\/#breadcrumb\",\"itemListElement\":[{\"@type\":\"ListItem\",\"position\":1,\"name\":\"Home\",\"item\":\"https:\/\/www.louplynxjura.org\/de\/\"},{\"@type\":\"ListItem\",\"position\":2,\"name\":\"Der Verein\",\"item\":\"https:\/\/www.louplynxjura.org\/de\/der-verein\/\"},{\"@type\":\"ListItem\",\"position\":3,\"name\":\"Statuten\"}]},{\"@type\":\"WebSite\",\"@id\":\"https:\/\/www.louplynxjura.org\/de\/#website\",\"url\":\"https:\/\/www.louplynxjura.org\/de\/\",\"name\":\"Avenir Loup Lynx Jura\",\"description\":\"Eine Zukunft f\u00fcr sie und uns\",\"publisher\":{\"@id\":\"https:\/\/www.louplynxjura.org\/de\/#organization\"},\"potentialAction\":[{\"@type\":\"SearchAction\",\"target\":{\"@type\":\"EntryPoint\",\"urlTemplate\":\"https:\/\/www.louplynxjura.org\/de\/?s={search_term_string}\"},\"query-input\":{\"@type\":\"PropertyValueSpecification\",\"valueRequired\":true,\"valueName\":\"search_term_string\"}}],\"inLanguage\":\"de-DE\"},{\"@type\":\"Organization\",\"@id\":\"https:\/\/www.louplynxjura.org\/de\/#organization\",\"name\":\"Avenir Loup Lynx Jura\",\"url\":\"https:\/\/www.louplynxjura.org\/de\/\",\"logo\":{\"@type\":\"ImageObject\",\"inLanguage\":\"de-DE\",\"@id\":\"https:\/\/www.louplynxjura.org\/de\/#\/schema\/logo\/image\/\",\"url\":\"https:\/\/www.louplynxjura.org\/wp-content\/uploads\/2022\/03\/allj-logo-1024-wide-white-bg.png\",\"contentUrl\":\"https:\/\/www.louplynxjura.org\/wp-content\/uploads\/2022\/03\/allj-logo-1024-wide-white-bg.png\",\"width\":1024,\"height\":683,\"caption\":\"Avenir Loup Lynx Jura\"},\"image\":{\"@id\":\"https:\/\/www.louplynxjura.org\/de\/#\/schema\/logo\/image\/\"},\"sameAs\":[\"https:\/\/www.facebook.com\/louplynxjura\",\"https:\/\/www.instagram.com\/louplynxjura\"]}]}<\/script>\n<!-- \/ Yoast SEO plugin. -->","yoast_head_json":{"title":"Statuten - Avenir Loup Lynx Jura","robots":{"index":"index","follow":"follow","max-snippet":"max-snippet:-1","max-image-preview":"max-image-preview:large","max-video-preview":"max-video-preview:-1"},"canonical":"https:\/\/www.louplynxjura.org\/de\/der-verein\/die-satzung\/","og_locale":"de_DE","og_type":"article","og_title":"Statuten - Avenir Loup Lynx Jura","og_description":"[vc_row][vc_column][vc_column_text] Rechtsform, Zweck und Sitz Art. 1 \u201eAvenir Loup Lynx Jura\u201c ist ein nicht gewinnorientierter Verein, geregelt durch die vorliegenden Statuten und Artikel 60 ff. des Schweizerischen Zivilgesetzbuches. Art. 2 [&hellip;]","og_url":"https:\/\/www.louplynxjura.org\/de\/der-verein\/die-satzung\/","og_site_name":"Avenir Loup Lynx Jura","article_publisher":"https:\/\/www.facebook.com\/louplynxjura","article_modified_time":"2025-05-02T10:50:34+00:00","og_image":[{"width":1200,"height":630,"url":"https:\/\/www.louplynxjura.org\/wp-content\/uploads\/2022\/03\/allj-logo-1200-white-bg.png","type":"image\/png"}],"twitter_card":"summary_large_image","twitter_misc":{"Est. reading time":"5 Minuten"},"schema":{"@context":"https:\/\/schema.org","@graph":[{"@type":"WebPage","@id":"https:\/\/www.louplynxjura.org\/de\/der-verein\/die-satzung\/","url":"https:\/\/www.louplynxjura.org\/de\/der-verein\/die-satzung\/","name":"Statuten - Avenir Loup Lynx Jura","isPartOf":{"@id":"https:\/\/www.louplynxjura.org\/de\/#website"},"datePublished":"2022-02-21T10:23:28+00:00","dateModified":"2025-05-02T10:50:34+00:00","breadcrumb":{"@id":"https:\/\/www.louplynxjura.org\/de\/der-verein\/die-satzung\/#breadcrumb"},"inLanguage":"de-DE","potentialAction":[{"@type":"ReadAction","target":["https:\/\/www.louplynxjura.org\/de\/der-verein\/die-satzung\/"]}]},{"@type":"BreadcrumbList","@id":"https:\/\/www.louplynxjura.org\/de\/der-verein\/die-satzung\/#breadcrumb","itemListElement":[{"@type":"ListItem","position":1,"name":"Home","item":"https:\/\/www.louplynxjura.org\/de\/"},{"@type":"ListItem","position":2,"name":"Der Verein","item":"https:\/\/www.louplynxjura.org\/de\/der-verein\/"},{"@type":"ListItem","position":3,"name":"Statuten"}]},{"@type":"WebSite","@id":"https:\/\/www.louplynxjura.org\/de\/#website","url":"https:\/\/www.louplynxjura.org\/de\/","name":"Avenir Loup Lynx Jura","description":"Eine Zukunft f\u00fcr sie und uns","publisher":{"@id":"https:\/\/www.louplynxjura.org\/de\/#organization"},"potentialAction":[{"@type":"SearchAction","target":{"@type":"EntryPoint","urlTemplate":"https:\/\/www.louplynxjura.org\/de\/?s={search_term_string}"},"query-input":{"@type":"PropertyValueSpecification","valueRequired":true,"valueName":"search_term_string"}}],"inLanguage":"de-DE"},{"@type":"Organization","@id":"https:\/\/www.louplynxjura.org\/de\/#organization","name":"Avenir Loup Lynx Jura","url":"https:\/\/www.louplynxjura.org\/de\/","logo":{"@type":"ImageObject","inLanguage":"de-DE","@id":"https:\/\/www.louplynxjura.org\/de\/#\/schema\/logo\/image\/","url":"https:\/\/www.louplynxjura.org\/wp-content\/uploads\/2022\/03\/allj-logo-1024-wide-white-bg.png","contentUrl":"https:\/\/www.louplynxjura.org\/wp-content\/uploads\/2022\/03\/allj-logo-1024-wide-white-bg.png","width":1024,"height":683,"caption":"Avenir Loup Lynx Jura"},"image":{"@id":"https:\/\/www.louplynxjura.org\/de\/#\/schema\/logo\/image\/"},"sameAs":["https:\/\/www.facebook.com\/louplynxjura","https:\/\/www.instagram.com\/louplynxjura"]}]}},"_links":{"self":[{"href":"https:\/\/www.louplynxjura.org\/de\/wp-json\/wp\/v2\/pages\/1761"}],"collection":[{"href":"https:\/\/www.louplynxjura.org\/de\/wp-json\/wp\/v2\/pages"}],"about":[{"href":"https:\/\/www.louplynxjura.org\/de\/wp-json\/wp\/v2\/types\/page"}],"author":[{"embeddable":true,"href":"https:\/\/www.louplynxjura.org\/de\/wp-json\/wp\/v2\/users\/1"}],"replies":[{"embeddable":true,"href":"https:\/\/www.louplynxjura.org\/de\/wp-json\/wp\/v2\/comments?post=1761"}],"version-history":[{"count":3,"href":"https:\/\/www.louplynxjura.org\/de\/wp-json\/wp\/v2\/pages\/1761\/revisions"}],"predecessor-version":[{"id":2299,"href":"https:\/\/www.louplynxjura.org\/de\/wp-json\/wp\/v2\/pages\/1761\/revisions\/2299"}],"up":[{"embeddable":true,"href":"https:\/\/www.louplynxjura.org\/de\/wp-json\/wp\/v2\/pages\/1757"}],"wp:attachment":[{"href":"https:\/\/www.louplynxjura.org\/de\/wp-json\/wp\/v2\/media?parent=1761"}],"curies":[{"name":"wp","href":"https:\/\/api.w.org\/{rel}","templated":true}]}}