{"id":1774,"date":"2022-02-21T00:05:39","date_gmt":"2022-02-20T23:05:39","guid":{"rendered":"https:\/\/www.louplynxjura.org\/der-verein\/mitglied-werden\/"},"modified":"2024-11-13T19:27:56","modified_gmt":"2024-11-13T18:27:56","slug":"mitglied-werden","status":"publish","type":"page","link":"https:\/\/www.louplynxjura.org\/de\/der-verein\/mitglied-werden\/","title":{"rendered":"Mitglied werden"},"content":{"rendered":"\n<h2 class=\"wp-block-heading\">Wir freuen uns \u00fcber jede Art von Unterst\u00fctzung!<\/h2>\n\n\n\n<p>M\u00f6chten Sie sich uns anschliessen, um eine nachhaltige Zukunft f\u00fcr die Grossraubtiere im Jura aufzubauen? Oder uns einfach unterst\u00fctzen und an den Ap\u00e9ros teilnehmen?<\/p>\n\n\n\n<p>Nichts einfacher als das! F\u00fcllen Sie das untenstehende Formular aus und bezahlen Sie den Mitgliederbeitrag.<\/p>\n\n\n\n<div class=\"wp-block-columns content-block is-layout-flex wp-container-core-columns-is-layout-1 wp-block-columns-is-layout-flex\">\n<div class=\"wp-block-column is-layout-flow wp-block-column-is-layout-flow\">\n<h3 class=\"wp-block-heading\">Anmeldung<\/h3>\n\n\n\n<div class=\"wp-block-contact-form-7-contact-form-selector\">\n<div class=\"wpcf7 no-js\" id=\"wpcf7-f1773-o1\" lang=\"de-DE\" dir=\"ltr\">\n<div class=\"screen-reader-response\"><p role=\"status\" aria-live=\"polite\" aria-atomic=\"true\"><\/p> <ul><\/ul><\/div>\n<form action=\"\/de\/wp-json\/wp\/v2\/pages\/1774#wpcf7-f1773-o1\" method=\"post\" class=\"wpcf7-form init\" aria-label=\"Contact form\" novalidate=\"novalidate\" data-status=\"init\">\n<div style=\"display: none;\">\n<input type=\"hidden\" name=\"_wpcf7\" value=\"1773\" \/>\n<input type=\"hidden\" name=\"_wpcf7_version\" value=\"5.9.8\" \/>\n<input type=\"hidden\" name=\"_wpcf7_locale\" value=\"de_DE\" \/>\n<input type=\"hidden\" name=\"_wpcf7_unit_tag\" value=\"wpcf7-f1773-o1\" \/>\n<input type=\"hidden\" name=\"_wpcf7_container_post\" value=\"0\" \/>\n<input type=\"hidden\" name=\"_wpcf7_posted_data_hash\" value=\"\" \/>\n<input type=\"hidden\" name=\"_wpcf7cf_hidden_group_fields\" value=\"[]\" \/>\n<input type=\"hidden\" name=\"_wpcf7cf_hidden_groups\" value=\"[]\" \/>\n<input type=\"hidden\" name=\"_wpcf7cf_visible_groups\" value=\"[]\" \/>\n<input type=\"hidden\" name=\"_wpcf7cf_repeaters\" value=\"[]\" \/>\n<input type=\"hidden\" name=\"_wpcf7cf_steps\" value=\"{}\" \/>\n<input type=\"hidden\" name=\"_wpcf7cf_options\" value=\"{&quot;form_id&quot;:1773,&quot;conditions&quot;:[{&quot;then_field&quot;:&quot;actif_member&quot;,&quot;and_rules&quot;:[{&quot;if_field&quot;:&quot;member_type&quot;,&quot;operator&quot;:&quot;equals&quot;,&quot;if_value&quot;:&quot;Aktives Mitglied&quot;}]}],&quot;settings&quot;:{&quot;animation&quot;:&quot;no&quot;,&quot;animation_intime&quot;:&quot;200&quot;,&quot;animation_outtime&quot;:&quot;200&quot;,&quot;conditions_ui&quot;:&quot;normal&quot;,&quot;notice_dismissed&quot;:&quot;&quot;}}\" \/>\n<input type=\"hidden\" name=\"_wpcf7_recaptcha_response\" value=\"\" \/>\n<\/div>\n<div class=\"member_form\">\n\t<p><label class=\"form-label\">Sie m\u00f6chten Mitglied werden:<\/label><br \/>\n<span class=\"wpcf7-form-control-wrap\" data-name=\"member_type\"><span class=\"wpcf7-form-control wpcf7-radio form-control c-input member-type-input\"><span class=\"wpcf7-list-item first\"><label><input type=\"radio\" name=\"member_type\" value=\"Passives Mitglied\" checked=\"checked\" \/><span class=\"wpcf7-list-item-label\">Passives Mitglied<\/span><\/label><\/span><span class=\"wpcf7-list-item last\"><label><input type=\"radio\" name=\"member_type\" value=\"Aktives Mitglied\" \/><span class=\"wpcf7-list-item-label\">Aktives Mitglied<\/span><\/label><\/span><\/span><\/span>\n\t<\/p>\n\t<div data-id=\"actif_member\" data-orig_data_id=\"actif_member\"  data-class=\"wpcf7cf_group\">\n\t\t<div id=\"info_actif_member\" class=\"form-detail\">\n\t\t\t<p>Vorbehaltlich der Zustimmung des Komitees. Wir werden uns mit Ihnen in Verbindung setzen, um Sie auf ein Projekt hinzuweisen, das Sie begeistert.\n\t\t\t<\/p>\n\t\t<\/div>\n\t\t<p><span class=\"wpcf7-form-control-wrap\" data-name=\"sponsor\"><input size=\"40\" maxlength=\"400\" class=\"wpcf7-form-control wpcf7-text form-control c-input\" aria-invalid=\"false\" placeholder=\"Name des Mitglieds, das Sie empfohlen hat?\" value=\"\" type=\"text\" name=\"sponsor\" \/><\/span>\n\t\t<\/p>\n\t\t<div id=\"share_data_active_member\" class=\"form-detail\">\n\t\t\t<p>Sind Sie damit einverstanden, Ihre Kontaktdaten (nur E-Mail und Telefon) zu organisatorischen Zwecken an andere aktive Mitglieder des Vereins weiterzugeben? *\n\t\t\t<\/p>\n\t\t\t<p><span class=\"wpcf7-form-control-wrap\" data-name=\"share_data_active_member\"><span class=\"wpcf7-form-control wpcf7-radio\" id=\"share_data\"><span class=\"wpcf7-list-item first\"><label><span class=\"wpcf7-list-item-label\">Ja<\/span><input type=\"radio\" name=\"share_data_active_member\" value=\"Ja\" checked=\"checked\" \/><\/label><\/span><span class=\"wpcf7-list-item last\"><label><span class=\"wpcf7-list-item-label\">Nein<\/span><input type=\"radio\" name=\"share_data_active_member\" value=\"Nein\" \/><\/label><\/span><\/span><\/span>\n\t\t\t<\/p>\n\t\t<\/div>\n\t<\/div>\n\t<p><span class=\"wpcf7-form-control-wrap\" data-name=\"firstname\"><input size=\"40\" maxlength=\"400\" class=\"wpcf7-form-control wpcf7-text wpcf7-validates-as-required form-control c-input\" aria-required=\"true\" aria-invalid=\"false\" placeholder=\"Vorname *\" value=\"\" type=\"text\" name=\"firstname\" \/><\/span>\n\t<\/p>\n\t<p><span class=\"wpcf7-form-control-wrap\" data-name=\"lastname\"><input size=\"40\" maxlength=\"400\" class=\"wpcf7-form-control wpcf7-text wpcf7-validates-as-required form-control c-input\" aria-required=\"true\" aria-invalid=\"false\" placeholder=\"Name *\" value=\"\" type=\"text\" name=\"lastname\" \/><\/span>\n\t<\/p>\n\t<p><span class=\"wpcf7-form-control-wrap\" data-name=\"email\"><input size=\"40\" maxlength=\"400\" class=\"wpcf7-form-control wpcf7-email wpcf7-validates-as-required wpcf7-text wpcf7-validates-as-email form-control c-input\" aria-required=\"true\" aria-invalid=\"false\" placeholder=\"Email *\" value=\"\" type=\"email\" name=\"email\" \/><\/span>\n\t<\/p>\n\t<p><span class=\"wpcf7-form-control-wrap\" data-name=\"phone\"><input size=\"40\" maxlength=\"400\" class=\"wpcf7-form-control wpcf7-tel wpcf7-validates-as-required wpcf7-text wpcf7-validates-as-tel form-control c-input\" aria-required=\"true\" aria-invalid=\"false\" placeholder=\"Telefon *\" value=\"\" type=\"tel\" name=\"phone\" \/><\/span>\n\t<\/p>\n\t<p><span class=\"wpcf7-form-control-wrap\" data-name=\"birthday\"><input size=\"40\" maxlength=\"400\" class=\"wpcf7-form-control wpcf7-text wpcf7-validates-as-required form-control c-input\" aria-required=\"true\" aria-invalid=\"false\" placeholder=\"Geburtsdatum * (TT.MM.JJJJ)\" value=\"\" type=\"text\" name=\"birthday\" \/><\/span>\n\t<\/p>\n\t<p><span class=\"wpcf7-form-control-wrap\" data-name=\"address\"><input size=\"40\" maxlength=\"400\" class=\"wpcf7-form-control wpcf7-text wpcf7-validates-as-required form-control c-input\" aria-required=\"true\" aria-invalid=\"false\" placeholder=\"Adresse *\" value=\"\" type=\"text\" name=\"address\" \/><\/span>\n\t<\/p>\n\t<p><span class=\"wpcf7-form-control-wrap\" data-name=\"postcode\"><input size=\"40\" maxlength=\"400\" class=\"wpcf7-form-control wpcf7-text wpcf7-validates-as-required form-control c-input\" aria-required=\"true\" aria-invalid=\"false\" placeholder=\"Postleitzahl *\" value=\"\" type=\"text\" name=\"postcode\" \/><\/span>\n\t<\/p>\n\t<p><span class=\"wpcf7-form-control-wrap\" data-name=\"city\"><input size=\"40\" maxlength=\"400\" class=\"wpcf7-form-control wpcf7-text wpcf7-validates-as-required form-control c-input\" aria-required=\"true\" aria-invalid=\"false\" placeholder=\"Stadt *\" value=\"\" type=\"text\" name=\"city\" \/><\/span>\n\t<\/p>\n\t<p><span class=\"wpcf7-form-control-wrap\" data-name=\"country\"><input size=\"40\" maxlength=\"400\" class=\"wpcf7-form-control wpcf7-text wpcf7-validates-as-required form-control c-input\" aria-required=\"true\" aria-invalid=\"false\" placeholder=\"Land *\" value=\"\" type=\"text\" name=\"country\" \/><\/span>\n\t<\/p>\n\t<p><span class=\"wpcf7-form-control-wrap\" data-name=\"message\"><textarea cols=\"40\" rows=\"10\" maxlength=\"2000\" class=\"wpcf7-form-control wpcf7-textarea form-control c-input\" aria-invalid=\"false\" placeholder=\"Eine Nachricht?\" name=\"message\"><\/textarea><\/span>\n\t<\/p>\n\t<div class=\"privacy-agreement\">\n\t\t<p>Sie stimmen <a href=\"https:\/\/www.louplynxjura.org\/de\/der-verein\/die-satzung\/\" target=\"_blank\">der Satzung des Vereins<\/a> zu und dass diese Daten f\u00fcr die Bearbeitung der Lizenz verwendet werden.. In keinem Fall werden Ihre Informationen an andere Organisationen weitergegeben.<br \/>\n<span class=\"wpcf7-form-control-wrap\" data-name=\"privacy_agreement\"><span class=\"wpcf7-form-control wpcf7-checkbox wpcf7-validates-as-required form-control c-input\"><span class=\"wpcf7-list-item first last\"><label><input type=\"checkbox\" name=\"privacy_agreement[]\" value=\"Ich stimme zu *\" \/><span class=\"wpcf7-list-item-label\">Ich stimme zu *<\/span><\/label><\/span><\/span><\/span>\n\t\t<\/p>\n\t<\/div>\n\t<div class=\"required-fields\">\n\t\t<p>* Pflichtfelder\n\t\t<\/p>\n\t<\/div>\n\t<div class=\"button\">\n\t\t<p><input class=\"wpcf7-form-control wpcf7-submit has-spinner c-btn btn1 btn6\" type=\"submit\" value=\"Senden\" \/>\n\t\t<\/p>\n\t<\/div>\n<\/div><div class=\"wpcf7-response-output\" aria-hidden=\"true\"><\/div>\n<\/form>\n<\/div>\n<\/div>\n<\/div>\n\n\n\n<div class=\"wp-block-column is-layout-flow wp-block-column-is-layout-flow\">\n<h3 class=\"wp-block-heading\">Zahlung des Mitgliederbeitrags von 30 CHF<\/h3>\n\n\n\n<p>Vergewissern Sie sich, dass Sie das Formular best\u00e4tigt haben, bevor Sie mit der Zahlung fortfahren.<\/p>\n\n\n<div class=\"wp-block-ub-content-toggle\" id=\"ub-content-toggle-64ffb248-b0d8-4754-982e-f589f853c488\" data-showonlyone=\"true\" data-mobilecollapse=\"false\" data-desktopcollapse=\"false\">\n<div class=\"wp-block-ub-content-toggle-accordion\" id=\"ub-content-toggle-panel-block-\">\n                <div class=\"wp-block-ub-content-toggle-accordion-title-wrap\"\" aria-controls=\"ub-content-toggle-panel-0-64ffb248-b0d8-4754-982e-f589f853c488\" tabindex=\"0\">\n                    <p class=\"wp-block-ub-content-toggle-accordion-title ub-content-toggle-title-64ffb248-b0d8-4754-982e-f589f853c488\"><strong>TWINT<\/strong><\/p><div class=\"wp-block-ub-content-toggle-accordion-toggle-wrap right\"><span class=\"wp-block-ub-content-toggle-accordion-state-indicator wp-block-ub-chevron-down\"><\/span>\n                    <\/div><\/div><div role=\"region\" aria-expanded=\"false\" class=\"wp-block-ub-content-toggle-accordion-content-wrap ub-hide\" id=\"ub-content-toggle-panel-0-64ffb248-b0d8-4754-982e-f589f853c488\">\n\n<figure class=\"wp-block-image alignwide size-large\"><a href=\"https:\/\/pay.raisenow.io\/dqffn\" target=\"_blank\" rel=\"noopener\"><img loading=\"lazy\" decoding=\"async\" width=\"1024\" height=\"467\" src=\"https:\/\/www.louplynxjura.org\/wp-content\/uploads\/2022\/03\/TWINT_Montant-personalise_FR-1024x467.png\" alt=\"\" class=\"wp-image-1319\" srcset=\"https:\/\/www.louplynxjura.org\/wp-content\/uploads\/2022\/03\/TWINT_Montant-personalise_FR-1024x467.png 1024w, https:\/\/www.louplynxjura.org\/wp-content\/uploads\/2022\/03\/TWINT_Montant-personalise_FR-300x137.png 300w, https:\/\/www.louplynxjura.org\/wp-content\/uploads\/2022\/03\/TWINT_Montant-personalise_FR-768x350.png 768w, https:\/\/www.louplynxjura.org\/wp-content\/uploads\/2022\/03\/TWINT_Montant-personalise_FR.png 1087w\" sizes=\"(max-width: 1024px) 100vw, 1024px\" \/><\/a><\/figure>\n\n\n\n<p class=\"has-text-align-center has-black-color has-text-color\"><strong>ODER<\/strong><\/p>\n\n\n\n<div class=\"wp-block-buttons is-content-justification-center is-layout-flex wp-container-core-buttons-is-layout-1 wp-block-buttons-is-layout-flex\">\n<div class=\"wp-block-button\"><a class=\"wp-block-button__link has-background wp-element-button\" href=\"https:\/\/pay.raisenow.io\/dqffn\" style=\"background-color:#6ab43e\"><strong>JETZT BEZAHLEN<\/strong><\/a><\/div>\n<\/div>\n\n<\/div><\/div>\n\n<div class=\"wp-block-ub-content-toggle-accordion\" id=\"ub-content-toggle-panel-block-\">\n                <div class=\"wp-block-ub-content-toggle-accordion-title-wrap\"\" aria-controls=\"ub-content-toggle-panel-1-64ffb248-b0d8-4754-982e-f589f853c488\" tabindex=\"0\">\n                    <p class=\"wp-block-ub-content-toggle-accordion-title ub-content-toggle-title-64ffb248-b0d8-4754-982e-f589f853c488\"><strong>QR-Rechnung<\/strong><\/p><div class=\"wp-block-ub-content-toggle-accordion-toggle-wrap right\"><span class=\"wp-block-ub-content-toggle-accordion-state-indicator wp-block-ub-chevron-down\"><\/span>\n                    <\/div><\/div><div role=\"region\" aria-expanded=\"false\" class=\"wp-block-ub-content-toggle-accordion-content-wrap ub-hide\" id=\"ub-content-toggle-panel-1-64ffb248-b0d8-4754-982e-f589f853c488\">\n\n<p><a download=\"\" style=\"color: #6ab43e\" href=\"https:\/\/www.louplynxjura.org\/wp-content\/uploads\/2024\/11\/Facture_QR_ALLJ.pdf\">QR-Rechnung herunterladen<\/a><\/p>\n\n\n\n<p>Bitte geben Sie Ihre E-Mail-Adresse oder Telefonnummer in den &#8222;Mitteilungen an den Empf\u00e4nger&#8220; an.<\/p>\n\n<\/div><\/div>\n\n<div class=\"wp-block-ub-content-toggle-accordion\" id=\"ub-content-toggle-panel-block-\">\n                <div class=\"wp-block-ub-content-toggle-accordion-title-wrap\"\" aria-controls=\"ub-content-toggle-panel-2-64ffb248-b0d8-4754-982e-f589f853c488\" tabindex=\"0\">\n                    <p class=\"wp-block-ub-content-toggle-accordion-title ub-content-toggle-title-64ffb248-b0d8-4754-982e-f589f853c488\"><strong>Bank\u00fcberweisung<\/strong><\/p><div class=\"wp-block-ub-content-toggle-accordion-toggle-wrap right\"><span class=\"wp-block-ub-content-toggle-accordion-state-indicator wp-block-ub-chevron-down open\"><\/span>\n                    <\/div><\/div><div role=\"region\" aria-expanded=\"true\" class=\"wp-block-ub-content-toggle-accordion-content-wrap\" id=\"ub-content-toggle-panel-2-64ffb248-b0d8-4754-982e-f589f853c488\">\n\n<p>Avenir Loup Lynx Jura<br>1273 Arzier-Le Muids<\/p>\n\n\n\n<p>IBAN: CH5400767000Z55431506<\/p>\n\n\n\n<p>SWIFT\/BIC: BCVLCH2LXXX<\/p>\n\n\n\n<p>Bitte geben Sie Ihre E-Mail-Adresse oder Telefonnummer in den &#8222;Mitteilungen an den Empf\u00e4nger&#8220; an.<\/p>\n\n<\/div><\/div>\n<\/div><\/div>\n<\/div>\n","protected":false},"excerpt":{"rendered":"<p>Wir freuen uns \u00fcber jede Art von Unterst\u00fctzung! M\u00f6chten Sie sich uns anschliessen, um eine nachhaltige Zukunft f\u00fcr die Grossraubtiere im Jura aufzubauen? Oder uns einfach unterst\u00fctzen und an den [&hellip;]<\/p>\n","protected":false},"author":1,"featured_media":0,"parent":1757,"menu_order":10,"comment_status":"closed","ping_status":"closed","template":"","meta":{"ub_ctt_via":"","footnotes":""},"class_list":["post-1774","page","type-page","status-publish","hentry"],"featured_image_src":null,"yoast_head":"<!-- This site is optimized with the Yoast SEO plugin v23.4 - https:\/\/yoast.com\/wordpress\/plugins\/seo\/ -->\n<title>Mitglied werden - Avenir Loup Lynx Jura<\/title>\n<meta name=\"description\" content=\"M\u00f6chten Sie sich uns anschlie\u00dfen, um eine nachhaltige Zukunft f\u00fcr die Gro\u00dfraubtiere im Jura aufzubauen? Oder uns einfach unterst\u00fctzen und an den Ap\u00e9ros teilnehmen?\" \/>\n<meta name=\"robots\" content=\"index, follow, max-snippet:-1, max-image-preview:large, max-video-preview:-1\" \/>\n<link rel=\"canonical\" href=\"https:\/\/www.louplynxjura.org\/de\/der-verein\/mitglied-werden\/\" \/>\n<meta property=\"og:locale\" content=\"de_DE\" \/>\n<meta property=\"og:type\" content=\"article\" \/>\n<meta property=\"og:title\" content=\"Mitglied werden - Avenir Loup Lynx Jura\" \/>\n<meta property=\"og:description\" content=\"M\u00f6chten Sie sich uns anschlie\u00dfen, um eine nachhaltige Zukunft f\u00fcr die Gro\u00dfraubtiere im Jura aufzubauen? Oder uns einfach unterst\u00fctzen und an den Ap\u00e9ros teilnehmen?\" \/>\n<meta property=\"og:url\" content=\"https:\/\/www.louplynxjura.org\/de\/der-verein\/mitglied-werden\/\" \/>\n<meta property=\"og:site_name\" content=\"Avenir Loup Lynx Jura\" \/>\n<meta property=\"article:publisher\" content=\"https:\/\/www.facebook.com\/louplynxjura\" \/>\n<meta property=\"article:modified_time\" content=\"2024-11-13T18:27:56+00:00\" \/>\n<meta property=\"og:image\" content=\"https:\/\/www.louplynxjura.org\/wp-content\/uploads\/2022\/03\/TWINT_Montant-personalise_FR-1024x467.png\" \/>\n<meta name=\"twitter:card\" content=\"summary_large_image\" \/>\n<meta name=\"twitter:label1\" content=\"Est. reading time\" \/>\n\t<meta name=\"twitter:data1\" content=\"1 Minute\" \/>\n<script type=\"application\/ld+json\" class=\"yoast-schema-graph\">{\"@context\":\"https:\/\/schema.org\",\"@graph\":[{\"@type\":\"WebPage\",\"@id\":\"https:\/\/www.louplynxjura.org\/de\/der-verein\/mitglied-werden\/\",\"url\":\"https:\/\/www.louplynxjura.org\/de\/der-verein\/mitglied-werden\/\",\"name\":\"Mitglied werden - Avenir Loup Lynx Jura\",\"isPartOf\":{\"@id\":\"https:\/\/www.louplynxjura.org\/de\/#website\"},\"primaryImageOfPage\":{\"@id\":\"https:\/\/www.louplynxjura.org\/de\/der-verein\/mitglied-werden\/#primaryimage\"},\"image\":{\"@id\":\"https:\/\/www.louplynxjura.org\/de\/der-verein\/mitglied-werden\/#primaryimage\"},\"thumbnailUrl\":\"https:\/\/www.louplynxjura.org\/wp-content\/uploads\/2022\/03\/TWINT_Montant-personalise_FR-1024x467.png\",\"datePublished\":\"2022-02-20T23:05:39+00:00\",\"dateModified\":\"2024-11-13T18:27:56+00:00\",\"description\":\"M\u00f6chten Sie sich uns anschlie\u00dfen, um eine nachhaltige Zukunft f\u00fcr die Gro\u00dfraubtiere im Jura aufzubauen? Oder uns einfach unterst\u00fctzen und an den Ap\u00e9ros teilnehmen?\",\"breadcrumb\":{\"@id\":\"https:\/\/www.louplynxjura.org\/de\/der-verein\/mitglied-werden\/#breadcrumb\"},\"inLanguage\":\"de-DE\",\"potentialAction\":[{\"@type\":\"ReadAction\",\"target\":[\"https:\/\/www.louplynxjura.org\/de\/der-verein\/mitglied-werden\/\"]}]},{\"@type\":\"ImageObject\",\"inLanguage\":\"de-DE\",\"@id\":\"https:\/\/www.louplynxjura.org\/de\/der-verein\/mitglied-werden\/#primaryimage\",\"url\":\"https:\/\/www.louplynxjura.org\/wp-content\/uploads\/2022\/03\/TWINT_Montant-personalise_FR-1024x467.png\",\"contentUrl\":\"https:\/\/www.louplynxjura.org\/wp-content\/uploads\/2022\/03\/TWINT_Montant-personalise_FR-1024x467.png\"},{\"@type\":\"BreadcrumbList\",\"@id\":\"https:\/\/www.louplynxjura.org\/de\/der-verein\/mitglied-werden\/#breadcrumb\",\"itemListElement\":[{\"@type\":\"ListItem\",\"position\":1,\"name\":\"Home\",\"item\":\"https:\/\/www.louplynxjura.org\/de\/\"},{\"@type\":\"ListItem\",\"position\":2,\"name\":\"Der Verein\",\"item\":\"https:\/\/www.louplynxjura.org\/de\/der-verein\/\"},{\"@type\":\"ListItem\",\"position\":3,\"name\":\"Mitglied werden\"}]},{\"@type\":\"WebSite\",\"@id\":\"https:\/\/www.louplynxjura.org\/de\/#website\",\"url\":\"https:\/\/www.louplynxjura.org\/de\/\",\"name\":\"Avenir Loup Lynx Jura\",\"description\":\"Eine Zukunft f\u00fcr sie und uns\",\"publisher\":{\"@id\":\"https:\/\/www.louplynxjura.org\/de\/#organization\"},\"potentialAction\":[{\"@type\":\"SearchAction\",\"target\":{\"@type\":\"EntryPoint\",\"urlTemplate\":\"https:\/\/www.louplynxjura.org\/de\/?s={search_term_string}\"},\"query-input\":{\"@type\":\"PropertyValueSpecification\",\"valueRequired\":true,\"valueName\":\"search_term_string\"}}],\"inLanguage\":\"de-DE\"},{\"@type\":\"Organization\",\"@id\":\"https:\/\/www.louplynxjura.org\/de\/#organization\",\"name\":\"Avenir Loup Lynx Jura\",\"url\":\"https:\/\/www.louplynxjura.org\/de\/\",\"logo\":{\"@type\":\"ImageObject\",\"inLanguage\":\"de-DE\",\"@id\":\"https:\/\/www.louplynxjura.org\/de\/#\/schema\/logo\/image\/\",\"url\":\"https:\/\/www.louplynxjura.org\/wp-content\/uploads\/2022\/03\/allj-logo-1024-wide-white-bg.png\",\"contentUrl\":\"https:\/\/www.louplynxjura.org\/wp-content\/uploads\/2022\/03\/allj-logo-1024-wide-white-bg.png\",\"width\":1024,\"height\":683,\"caption\":\"Avenir Loup Lynx Jura\"},\"image\":{\"@id\":\"https:\/\/www.louplynxjura.org\/de\/#\/schema\/logo\/image\/\"},\"sameAs\":[\"https:\/\/www.facebook.com\/louplynxjura\",\"https:\/\/www.instagram.com\/louplynxjura\"]}]}<\/script>\n<!-- \/ Yoast SEO plugin. -->","yoast_head_json":{"title":"Mitglied werden - Avenir Loup Lynx Jura","description":"M\u00f6chten Sie sich uns anschlie\u00dfen, um eine nachhaltige Zukunft f\u00fcr die Gro\u00dfraubtiere im Jura aufzubauen? Oder uns einfach unterst\u00fctzen und an den Ap\u00e9ros teilnehmen?","robots":{"index":"index","follow":"follow","max-snippet":"max-snippet:-1","max-image-preview":"max-image-preview:large","max-video-preview":"max-video-preview:-1"},"canonical":"https:\/\/www.louplynxjura.org\/de\/der-verein\/mitglied-werden\/","og_locale":"de_DE","og_type":"article","og_title":"Mitglied werden - Avenir Loup Lynx Jura","og_description":"M\u00f6chten Sie sich uns anschlie\u00dfen, um eine nachhaltige Zukunft f\u00fcr die Gro\u00dfraubtiere im Jura aufzubauen? Oder uns einfach unterst\u00fctzen und an den Ap\u00e9ros teilnehmen?","og_url":"https:\/\/www.louplynxjura.org\/de\/der-verein\/mitglied-werden\/","og_site_name":"Avenir Loup Lynx Jura","article_publisher":"https:\/\/www.facebook.com\/louplynxjura","article_modified_time":"2024-11-13T18:27:56+00:00","og_image":[{"url":"https:\/\/www.louplynxjura.org\/wp-content\/uploads\/2022\/03\/TWINT_Montant-personalise_FR-1024x467.png"}],"twitter_card":"summary_large_image","twitter_misc":{"Est. reading time":"1 Minute"},"schema":{"@context":"https:\/\/schema.org","@graph":[{"@type":"WebPage","@id":"https:\/\/www.louplynxjura.org\/de\/der-verein\/mitglied-werden\/","url":"https:\/\/www.louplynxjura.org\/de\/der-verein\/mitglied-werden\/","name":"Mitglied werden - Avenir Loup Lynx Jura","isPartOf":{"@id":"https:\/\/www.louplynxjura.org\/de\/#website"},"primaryImageOfPage":{"@id":"https:\/\/www.louplynxjura.org\/de\/der-verein\/mitglied-werden\/#primaryimage"},"image":{"@id":"https:\/\/www.louplynxjura.org\/de\/der-verein\/mitglied-werden\/#primaryimage"},"thumbnailUrl":"https:\/\/www.louplynxjura.org\/wp-content\/uploads\/2022\/03\/TWINT_Montant-personalise_FR-1024x467.png","datePublished":"2022-02-20T23:05:39+00:00","dateModified":"2024-11-13T18:27:56+00:00","description":"M\u00f6chten Sie sich uns anschlie\u00dfen, um eine nachhaltige Zukunft f\u00fcr die Gro\u00dfraubtiere im Jura aufzubauen? Oder uns einfach unterst\u00fctzen und an den Ap\u00e9ros teilnehmen?","breadcrumb":{"@id":"https:\/\/www.louplynxjura.org\/de\/der-verein\/mitglied-werden\/#breadcrumb"},"inLanguage":"de-DE","potentialAction":[{"@type":"ReadAction","target":["https:\/\/www.louplynxjura.org\/de\/der-verein\/mitglied-werden\/"]}]},{"@type":"ImageObject","inLanguage":"de-DE","@id":"https:\/\/www.louplynxjura.org\/de\/der-verein\/mitglied-werden\/#primaryimage","url":"https:\/\/www.louplynxjura.org\/wp-content\/uploads\/2022\/03\/TWINT_Montant-personalise_FR-1024x467.png","contentUrl":"https:\/\/www.louplynxjura.org\/wp-content\/uploads\/2022\/03\/TWINT_Montant-personalise_FR-1024x467.png"},{"@type":"BreadcrumbList","@id":"https:\/\/www.louplynxjura.org\/de\/der-verein\/mitglied-werden\/#breadcrumb","itemListElement":[{"@type":"ListItem","position":1,"name":"Home","item":"https:\/\/www.louplynxjura.org\/de\/"},{"@type":"ListItem","position":2,"name":"Der Verein","item":"https:\/\/www.louplynxjura.org\/de\/der-verein\/"},{"@type":"ListItem","position":3,"name":"Mitglied werden"}]},{"@type":"WebSite","@id":"https:\/\/www.louplynxjura.org\/de\/#website","url":"https:\/\/www.louplynxjura.org\/de\/","name":"Avenir Loup Lynx Jura","description":"Eine Zukunft f\u00fcr sie und uns","publisher":{"@id":"https:\/\/www.louplynxjura.org\/de\/#organization"},"potentialAction":[{"@type":"SearchAction","target":{"@type":"EntryPoint","urlTemplate":"https:\/\/www.louplynxjura.org\/de\/?s={search_term_string}"},"query-input":{"@type":"PropertyValueSpecification","valueRequired":true,"valueName":"search_term_string"}}],"inLanguage":"de-DE"},{"@type":"Organization","@id":"https:\/\/www.louplynxjura.org\/de\/#organization","name":"Avenir Loup Lynx Jura","url":"https:\/\/www.louplynxjura.org\/de\/","logo":{"@type":"ImageObject","inLanguage":"de-DE","@id":"https:\/\/www.louplynxjura.org\/de\/#\/schema\/logo\/image\/","url":"https:\/\/www.louplynxjura.org\/wp-content\/uploads\/2022\/03\/allj-logo-1024-wide-white-bg.png","contentUrl":"https:\/\/www.louplynxjura.org\/wp-content\/uploads\/2022\/03\/allj-logo-1024-wide-white-bg.png","width":1024,"height":683,"caption":"Avenir Loup Lynx Jura"},"image":{"@id":"https:\/\/www.louplynxjura.org\/de\/#\/schema\/logo\/image\/"},"sameAs":["https:\/\/www.facebook.com\/louplynxjura","https:\/\/www.instagram.com\/louplynxjura"]}]}},"_links":{"self":[{"href":"https:\/\/www.louplynxjura.org\/de\/wp-json\/wp\/v2\/pages\/1774"}],"collection":[{"href":"https:\/\/www.louplynxjura.org\/de\/wp-json\/wp\/v2\/pages"}],"about":[{"href":"https:\/\/www.louplynxjura.org\/de\/wp-json\/wp\/v2\/types\/page"}],"author":[{"embeddable":true,"href":"https:\/\/www.louplynxjura.org\/de\/wp-json\/wp\/v2\/users\/1"}],"replies":[{"embeddable":true,"href":"https:\/\/www.louplynxjura.org\/de\/wp-json\/wp\/v2\/comments?post=1774"}],"version-history":[{"count":4,"href":"https:\/\/www.louplynxjura.org\/de\/wp-json\/wp\/v2\/pages\/1774\/revisions"}],"predecessor-version":[{"id":2038,"href":"https:\/\/www.louplynxjura.org\/de\/wp-json\/wp\/v2\/pages\/1774\/revisions\/2038"}],"up":[{"embeddable":true,"href":"https:\/\/www.louplynxjura.org\/de\/wp-json\/wp\/v2\/pages\/1757"}],"wp:attachment":[{"href":"https:\/\/www.louplynxjura.org\/de\/wp-json\/wp\/v2\/media?parent=1774"}],"curies":[{"name":"wp","href":"https:\/\/api.w.org\/{rel}","templated":true}]}}