{"id":1776,"date":"2022-02-20T23:59:21","date_gmt":"2022-02-20T22:59:21","guid":{"rendered":"https:\/\/www.louplynxjura.org\/eine-spende-machen\/"},"modified":"2024-11-13T19:21:04","modified_gmt":"2024-11-13T18:21:04","slug":"eine-spende-machen","status":"publish","type":"page","link":"https:\/\/www.louplynxjura.org\/de\/eine-spende-machen\/","title":{"rendered":"SPENDEN F\u00dcR GROSSRAUBTIERE"},"content":{"rendered":"\n<div class=\"wp-block-columns is-layout-flex wp-container-core-columns-is-layout-2 wp-block-columns-is-layout-flex\">\n<div class=\"wp-block-column is-layout-flow wp-block-column-is-layout-flow\">\n<h2 class=\"wp-block-heading\">Jede Unterst\u00fctzung z\u00e4hlt<\/h2>\n\n\n\n<p>Der im Februar 2022 gegr\u00fcndete Verein ist immer noch am \u201eEntstehen\u201c. Wir brauchen finanzielle Unterst\u00fctzung, um die Kosten zu decken und zuk\u00fcnftige Projekte zu planen.<\/p>\n\n\n\n<div class=\"wp-block-columns is-layout-flex wp-container-core-columns-is-layout-1 wp-block-columns-is-layout-flex\">\n<div class=\"wp-block-column is-layout-flow wp-block-column-is-layout-flow\">\n<h3 class=\"wp-block-heading\">Unsere bereits entstandenen Kosten<\/h3>\n\n\n\n<ul class=\"wp-block-list\">\n<li>Erstellung und Hosting der Webseite<\/li>\n\n\n\n<li>Erstellung des Logos<\/li>\n\n\n\n<li>Haftpflichtversicherungen<\/li>\n\n\n\n<li>Tagungsr\u00e4ume mieten<\/li>\n<\/ul>\n<\/div>\n\n\n\n<div class=\"wp-block-column is-layout-flow wp-block-column-is-layout-flow\">\n<h3 class=\"wp-block-heading\">F\u00fcr unsere zuk\u00fcnftigen Projekte<\/h3>\n\n\n\n<ul class=\"wp-block-list\">\n<li>Unseren visuellen Auftritt verbessern<\/li>\n\n\n\n<li>Drucken von Flyern<\/li>\n\n\n\n<li>Eventuell rechtliche Schritte einleiten (Rechtsmittel, jagen von gesch\u00fctzten Arten, Verherrlichung von Wilderei\u2026)<\/li>\n\n\n\n<li>\u2026und vieles mehr, wir arbeiten daran!<\/li>\n<\/ul>\n<\/div>\n<\/div>\n<\/div>\n<\/div>\n\n\n\n<div id=\"rnw-paylink-button-rcvkq\"><\/div>\n<script type=\"module\">\n  import {PaylinkButton} from \"https:\/\/unpkg.com\/@raisenow\/paylink-button@2\/dist\/PaylinkButton.js\"\n  PaylinkButton.render(\"#rnw-paylink-button-rcvkq\", {\n    \"solution-id\": \"rcvkq\",\n    \"size\": \"large\",\n    \"width\": \"dynamic\",\n    \"icon\": \"heart\",\n    \"label\": \"Online spenden (TWINT, PayPal)\",\n    \"border-radius\": \"8px\",\n    \"background-color\": \"#444444\",\n  })\n<\/script>\n\n\n\n<h2 class=\"wp-block-heading\">Spenden per \u00dcberweisung auf unser Konto<\/h2>\n\n\n\n<div class=\"wp-block-columns is-layout-flex wp-container-core-columns-is-layout-3 wp-block-columns-is-layout-flex\">\n<div class=\"wp-block-column is-layout-flow wp-block-column-is-layout-flow\">\n<p><strong>Beg\u00fcnstigter<\/strong>:<br>Avenir Loup Lynx Jura<br>1273 Arzier-Le Muids<\/p>\n\n\n\n<p><strong>IBAN:<\/strong> CH5400767000Z55431506<\/p>\n\n\n\n<p><strong>SWIFT\/BIC:<\/strong> BCVLCH2LXXX<\/p>\n\n\n\n<a download style=\"color: #6ab43e\" href=\"https:\/\/www.louplynxjura.org\/wp-content\/uploads\/2024\/11\/Facture_QR_ALLJ.pdf\">QR-Rechnung herunterladen<\/a>\n<\/div>\n\n\n\n<div class=\"wp-block-column is-layout-flow wp-block-column-is-layout-flow\">\n<div class=\"wp-block-contact-form-7-contact-form-selector donate-receipt-form\">\n<div class=\"wpcf7 no-js\" id=\"wpcf7-f1772-o1\" lang=\"de-DE\" dir=\"ltr\">\n<div class=\"screen-reader-response\"><p role=\"status\" aria-live=\"polite\" aria-atomic=\"true\"><\/p> <ul><\/ul><\/div>\n<form action=\"\/de\/wp-json\/wp\/v2\/pages\/1776#wpcf7-f1772-o1\" method=\"post\" class=\"wpcf7-form init\" aria-label=\"Contact form\" novalidate=\"novalidate\" data-status=\"init\">\n<div style=\"display: none;\">\n<input type=\"hidden\" name=\"_wpcf7\" value=\"1772\" \/>\n<input type=\"hidden\" name=\"_wpcf7_version\" value=\"5.9.8\" \/>\n<input type=\"hidden\" name=\"_wpcf7_locale\" value=\"de_DE\" \/>\n<input type=\"hidden\" name=\"_wpcf7_unit_tag\" value=\"wpcf7-f1772-o1\" \/>\n<input type=\"hidden\" name=\"_wpcf7_container_post\" value=\"0\" \/>\n<input type=\"hidden\" name=\"_wpcf7_posted_data_hash\" value=\"\" \/>\n<input type=\"hidden\" name=\"_wpcf7cf_hidden_group_fields\" value=\"[]\" \/>\n<input type=\"hidden\" name=\"_wpcf7cf_hidden_groups\" value=\"[]\" \/>\n<input type=\"hidden\" name=\"_wpcf7cf_visible_groups\" value=\"[]\" \/>\n<input type=\"hidden\" name=\"_wpcf7cf_repeaters\" value=\"[]\" \/>\n<input type=\"hidden\" name=\"_wpcf7cf_steps\" value=\"{}\" \/>\n<input type=\"hidden\" name=\"_wpcf7cf_options\" value=\"{&quot;form_id&quot;:1772,&quot;conditions&quot;:[{&quot;then_field&quot;:&quot;certificate_form&quot;,&quot;and_rules&quot;:[{&quot;if_field&quot;:&quot;tax_certificate&quot;,&quot;operator&quot;:&quot;equals&quot;,&quot;if_value&quot;:&quot;Ich m\\u00f6chte eine Spendenbescheinigung f\\u00fcr die Steuererkl\\u00e4rung erhalten (bei Bank\\u00fcberweisung)&quot;}]}],&quot;settings&quot;:{&quot;animation&quot;:&quot;no&quot;,&quot;animation_intime&quot;:&quot;200&quot;,&quot;animation_outtime&quot;:&quot;200&quot;,&quot;conditions_ui&quot;:&quot;normal&quot;,&quot;notice_dismissed&quot;:&quot;&quot;}}\" \/>\n<input type=\"hidden\" name=\"_wpcf7_recaptcha_response\" value=\"\" \/>\n<\/div>\n<div class=\"member_form\">\n\t<p><span class=\"wpcf7-form-control-wrap\" data-name=\"tax_certificate\"><span class=\"wpcf7-form-control wpcf7-checkbox wpcf7-validates-as-required form-control c-input\"><span class=\"wpcf7-list-item first last\"><label><input type=\"checkbox\" name=\"tax_certificate[]\" value=\"Ich m\u00f6chte eine Spendenbescheinigung f\u00fcr die Steuererkl\u00e4rung erhalten (bei Bank\u00fcberweisung)\" \/><span class=\"wpcf7-list-item-label\">Ich m\u00f6chte eine Spendenbescheinigung f\u00fcr die Steuererkl\u00e4rung erhalten (bei Bank\u00fcberweisung)<\/span><\/label><\/span><\/span><\/span>\n\t<\/p>\n\t<div data-id=\"certificate_form\" data-orig_data_id=\"certificate_form\"  data-class=\"wpcf7cf_group\">\n\t\t<p>Bitte f\u00fcllen Sie dieses Formular aus, damit wir Ihnen die Bescheinigung \u00fcbermitteln k\u00f6nnen.\n\t\t<\/p>\n\t\t<p><span class=\"wpcf7-form-control-wrap\" data-name=\"firstname\"><input size=\"40\" maxlength=\"400\" class=\"wpcf7-form-control wpcf7-text wpcf7-validates-as-required form-control c-input\" aria-required=\"true\" aria-invalid=\"false\" placeholder=\"Vorname *\" value=\"\" type=\"text\" name=\"firstname\" \/><\/span>\n\t\t<\/p>\n\t\t<p><span class=\"wpcf7-form-control-wrap\" data-name=\"lastname\"><input size=\"40\" maxlength=\"400\" class=\"wpcf7-form-control wpcf7-text wpcf7-validates-as-required form-control c-input\" aria-required=\"true\" aria-invalid=\"false\" placeholder=\"Name *\" value=\"\" type=\"text\" name=\"lastname\" \/><\/span>\n\t\t<\/p>\n\t\t<p><span class=\"wpcf7-form-control-wrap\" data-name=\"email\"><input size=\"40\" maxlength=\"400\" class=\"wpcf7-form-control wpcf7-email wpcf7-validates-as-required wpcf7-text wpcf7-validates-as-email form-control c-input\" aria-required=\"true\" aria-invalid=\"false\" placeholder=\"Email *\" value=\"\" type=\"email\" name=\"email\" \/><\/span>\n\t\t<\/p>\n\t\t<p><span class=\"wpcf7-form-control-wrap\" data-name=\"address\"><input size=\"40\" maxlength=\"400\" class=\"wpcf7-form-control wpcf7-text wpcf7-validates-as-required form-control c-input\" aria-required=\"true\" aria-invalid=\"false\" placeholder=\"Adresse *\" value=\"\" type=\"text\" name=\"address\" \/><\/span>\n\t\t<\/p>\n\t\t<p><span class=\"wpcf7-form-control-wrap\" data-name=\"postcode\"><input size=\"40\" maxlength=\"400\" class=\"wpcf7-form-control wpcf7-text wpcf7-validates-as-required form-control c-input\" aria-required=\"true\" aria-invalid=\"false\" placeholder=\"Postleitzahl *\" value=\"\" type=\"text\" name=\"postcode\" \/><\/span>\n\t\t<\/p>\n\t\t<p><span class=\"wpcf7-form-control-wrap\" data-name=\"city\"><input size=\"40\" maxlength=\"400\" class=\"wpcf7-form-control wpcf7-text wpcf7-validates-as-required form-control c-input\" aria-required=\"true\" aria-invalid=\"false\" placeholder=\"Stadt *\" value=\"\" type=\"text\" name=\"city\" \/><\/span>\n\t\t<\/p>\n\t\t<p><span class=\"wpcf7-form-control-wrap\" data-name=\"country\"><input size=\"40\" maxlength=\"400\" class=\"wpcf7-form-control wpcf7-text wpcf7-validates-as-required form-control c-input\" aria-required=\"true\" aria-invalid=\"false\" placeholder=\"Land *\" value=\"\" type=\"text\" name=\"country\" \/><\/span>\n\t\t<\/p>\n\t\t<p><span class=\"wpcf7-form-control-wrap\" data-name=\"message\"><textarea cols=\"40\" rows=\"10\" maxlength=\"2000\" class=\"wpcf7-form-control wpcf7-textarea form-control c-input\" aria-invalid=\"false\" placeholder=\"Hinweis\" name=\"message\"><\/textarea><\/span>\n\t\t<\/p>\n\t\t<div class=\"required-fields\">\n\t\t\t<p>* Pflichtfelder\n\t\t\t<\/p>\n\t\t<\/div>\n\t\t<div class=\"button\">\n\t\t\t<p><input class=\"wpcf7-form-control wpcf7-submit has-spinner c-btn btn1 btn6\" type=\"submit\" value=\"Meine Anfrage senden\" \/>\n\t\t\t<\/p>\n\t\t<\/div>\n\t<\/div>\n<\/div><div class=\"wpcf7-response-output\" aria-hidden=\"true\"><\/div>\n<\/form>\n<\/div>\n<\/div>\n<\/div>\n<\/div>\n","protected":false},"excerpt":{"rendered":"<p>Jede Unterst\u00fctzung z\u00e4hlt Der im Februar 2022 gegr\u00fcndete Verein ist immer noch am \u201eEntstehen\u201c. Wir brauchen finanzielle Unterst\u00fctzung, um die Kosten zu decken und zuk\u00fcnftige Projekte zu planen. Unsere bereits [&hellip;]<\/p>\n","protected":false},"author":1,"featured_media":0,"parent":0,"menu_order":0,"comment_status":"closed","ping_status":"closed","template":"","meta":{"ub_ctt_via":"","footnotes":""},"class_list":["post-1776","page","type-page","status-publish","hentry"],"featured_image_src":null,"yoast_head":"<!-- This site is optimized with the Yoast SEO plugin v23.4 - https:\/\/yoast.com\/wordpress\/plugins\/seo\/ -->\n<title>SPENDEN F\u00dcR GROSSRAUBTIERE - Avenir Loup Lynx Jura<\/title>\n<meta name=\"robots\" content=\"index, follow, max-snippet:-1, max-image-preview:large, max-video-preview:-1\" \/>\n<link rel=\"canonical\" href=\"https:\/\/www.louplynxjura.org\/de\/eine-spende-machen\/\" \/>\n<meta property=\"og:locale\" content=\"de_DE\" \/>\n<meta property=\"og:type\" content=\"article\" \/>\n<meta property=\"og:title\" content=\"SPENDEN F\u00dcR GROSSRAUBTIERE - Avenir Loup Lynx Jura\" \/>\n<meta property=\"og:description\" content=\"Jede Unterst\u00fctzung z\u00e4hlt Der im Februar 2022 gegr\u00fcndete Verein ist immer noch am \u201eEntstehen\u201c. Wir brauchen finanzielle Unterst\u00fctzung, um die Kosten zu decken und zuk\u00fcnftige Projekte zu planen. Unsere bereits [&hellip;]\" \/>\n<meta property=\"og:url\" content=\"https:\/\/www.louplynxjura.org\/de\/eine-spende-machen\/\" \/>\n<meta property=\"og:site_name\" content=\"Avenir Loup Lynx Jura\" \/>\n<meta property=\"article:publisher\" content=\"https:\/\/www.facebook.com\/louplynxjura\" \/>\n<meta property=\"article:modified_time\" content=\"2024-11-13T18:21:04+00:00\" \/>\n<meta property=\"og:image\" content=\"https:\/\/www.louplynxjura.org\/wp-content\/uploads\/2022\/03\/allj-logo-1200-white-bg.png\" \/>\n\t<meta property=\"og:image:width\" content=\"1200\" \/>\n\t<meta property=\"og:image:height\" content=\"630\" \/>\n\t<meta property=\"og:image:type\" content=\"image\/png\" \/>\n<meta name=\"twitter:card\" content=\"summary_large_image\" \/>\n<meta name=\"twitter:label1\" content=\"Est. reading time\" \/>\n\t<meta name=\"twitter:data1\" content=\"1 Minute\" \/>\n<script type=\"application\/ld+json\" class=\"yoast-schema-graph\">{\"@context\":\"https:\/\/schema.org\",\"@graph\":[{\"@type\":\"WebPage\",\"@id\":\"https:\/\/www.louplynxjura.org\/de\/eine-spende-machen\/\",\"url\":\"https:\/\/www.louplynxjura.org\/de\/eine-spende-machen\/\",\"name\":\"SPENDEN F\u00dcR GROSSRAUBTIERE - Avenir Loup Lynx Jura\",\"isPartOf\":{\"@id\":\"https:\/\/www.louplynxjura.org\/de\/#website\"},\"datePublished\":\"2022-02-20T22:59:21+00:00\",\"dateModified\":\"2024-11-13T18:21:04+00:00\",\"breadcrumb\":{\"@id\":\"https:\/\/www.louplynxjura.org\/de\/eine-spende-machen\/#breadcrumb\"},\"inLanguage\":\"de-DE\",\"potentialAction\":[{\"@type\":\"ReadAction\",\"target\":[\"https:\/\/www.louplynxjura.org\/de\/eine-spende-machen\/\"]}]},{\"@type\":\"BreadcrumbList\",\"@id\":\"https:\/\/www.louplynxjura.org\/de\/eine-spende-machen\/#breadcrumb\",\"itemListElement\":[{\"@type\":\"ListItem\",\"position\":1,\"name\":\"Home\",\"item\":\"https:\/\/www.louplynxjura.org\/de\/\"},{\"@type\":\"ListItem\",\"position\":2,\"name\":\"SPENDEN F\u00dcR GROSSRAUBTIERE\"}]},{\"@type\":\"WebSite\",\"@id\":\"https:\/\/www.louplynxjura.org\/de\/#website\",\"url\":\"https:\/\/www.louplynxjura.org\/de\/\",\"name\":\"Avenir Loup Lynx Jura\",\"description\":\"Eine Zukunft f\u00fcr sie und uns\",\"publisher\":{\"@id\":\"https:\/\/www.louplynxjura.org\/de\/#organization\"},\"potentialAction\":[{\"@type\":\"SearchAction\",\"target\":{\"@type\":\"EntryPoint\",\"urlTemplate\":\"https:\/\/www.louplynxjura.org\/de\/?s={search_term_string}\"},\"query-input\":{\"@type\":\"PropertyValueSpecification\",\"valueRequired\":true,\"valueName\":\"search_term_string\"}}],\"inLanguage\":\"de-DE\"},{\"@type\":\"Organization\",\"@id\":\"https:\/\/www.louplynxjura.org\/de\/#organization\",\"name\":\"Avenir Loup Lynx Jura\",\"url\":\"https:\/\/www.louplynxjura.org\/de\/\",\"logo\":{\"@type\":\"ImageObject\",\"inLanguage\":\"de-DE\",\"@id\":\"https:\/\/www.louplynxjura.org\/de\/#\/schema\/logo\/image\/\",\"url\":\"https:\/\/www.louplynxjura.org\/wp-content\/uploads\/2022\/03\/allj-logo-1024-wide-white-bg.png\",\"contentUrl\":\"https:\/\/www.louplynxjura.org\/wp-content\/uploads\/2022\/03\/allj-logo-1024-wide-white-bg.png\",\"width\":1024,\"height\":683,\"caption\":\"Avenir Loup Lynx Jura\"},\"image\":{\"@id\":\"https:\/\/www.louplynxjura.org\/de\/#\/schema\/logo\/image\/\"},\"sameAs\":[\"https:\/\/www.facebook.com\/louplynxjura\",\"https:\/\/www.instagram.com\/louplynxjura\"]}]}<\/script>\n<!-- \/ Yoast SEO plugin. -->","yoast_head_json":{"title":"SPENDEN F\u00dcR GROSSRAUBTIERE - Avenir Loup Lynx Jura","robots":{"index":"index","follow":"follow","max-snippet":"max-snippet:-1","max-image-preview":"max-image-preview:large","max-video-preview":"max-video-preview:-1"},"canonical":"https:\/\/www.louplynxjura.org\/de\/eine-spende-machen\/","og_locale":"de_DE","og_type":"article","og_title":"SPENDEN F\u00dcR GROSSRAUBTIERE - Avenir Loup Lynx Jura","og_description":"Jede Unterst\u00fctzung z\u00e4hlt Der im Februar 2022 gegr\u00fcndete Verein ist immer noch am \u201eEntstehen\u201c. Wir brauchen finanzielle Unterst\u00fctzung, um die Kosten zu decken und zuk\u00fcnftige Projekte zu planen. Unsere bereits [&hellip;]","og_url":"https:\/\/www.louplynxjura.org\/de\/eine-spende-machen\/","og_site_name":"Avenir Loup Lynx Jura","article_publisher":"https:\/\/www.facebook.com\/louplynxjura","article_modified_time":"2024-11-13T18:21:04+00:00","og_image":[{"width":1200,"height":630,"url":"https:\/\/www.louplynxjura.org\/wp-content\/uploads\/2022\/03\/allj-logo-1200-white-bg.png","type":"image\/png"}],"twitter_card":"summary_large_image","twitter_misc":{"Est. reading time":"1 Minute"},"schema":{"@context":"https:\/\/schema.org","@graph":[{"@type":"WebPage","@id":"https:\/\/www.louplynxjura.org\/de\/eine-spende-machen\/","url":"https:\/\/www.louplynxjura.org\/de\/eine-spende-machen\/","name":"SPENDEN F\u00dcR GROSSRAUBTIERE - Avenir Loup Lynx Jura","isPartOf":{"@id":"https:\/\/www.louplynxjura.org\/de\/#website"},"datePublished":"2022-02-20T22:59:21+00:00","dateModified":"2024-11-13T18:21:04+00:00","breadcrumb":{"@id":"https:\/\/www.louplynxjura.org\/de\/eine-spende-machen\/#breadcrumb"},"inLanguage":"de-DE","potentialAction":[{"@type":"ReadAction","target":["https:\/\/www.louplynxjura.org\/de\/eine-spende-machen\/"]}]},{"@type":"BreadcrumbList","@id":"https:\/\/www.louplynxjura.org\/de\/eine-spende-machen\/#breadcrumb","itemListElement":[{"@type":"ListItem","position":1,"name":"Home","item":"https:\/\/www.louplynxjura.org\/de\/"},{"@type":"ListItem","position":2,"name":"SPENDEN F\u00dcR GROSSRAUBTIERE"}]},{"@type":"WebSite","@id":"https:\/\/www.louplynxjura.org\/de\/#website","url":"https:\/\/www.louplynxjura.org\/de\/","name":"Avenir Loup Lynx Jura","description":"Eine Zukunft f\u00fcr sie und uns","publisher":{"@id":"https:\/\/www.louplynxjura.org\/de\/#organization"},"potentialAction":[{"@type":"SearchAction","target":{"@type":"EntryPoint","urlTemplate":"https:\/\/www.louplynxjura.org\/de\/?s={search_term_string}"},"query-input":{"@type":"PropertyValueSpecification","valueRequired":true,"valueName":"search_term_string"}}],"inLanguage":"de-DE"},{"@type":"Organization","@id":"https:\/\/www.louplynxjura.org\/de\/#organization","name":"Avenir Loup Lynx Jura","url":"https:\/\/www.louplynxjura.org\/de\/","logo":{"@type":"ImageObject","inLanguage":"de-DE","@id":"https:\/\/www.louplynxjura.org\/de\/#\/schema\/logo\/image\/","url":"https:\/\/www.louplynxjura.org\/wp-content\/uploads\/2022\/03\/allj-logo-1024-wide-white-bg.png","contentUrl":"https:\/\/www.louplynxjura.org\/wp-content\/uploads\/2022\/03\/allj-logo-1024-wide-white-bg.png","width":1024,"height":683,"caption":"Avenir Loup Lynx Jura"},"image":{"@id":"https:\/\/www.louplynxjura.org\/de\/#\/schema\/logo\/image\/"},"sameAs":["https:\/\/www.facebook.com\/louplynxjura","https:\/\/www.instagram.com\/louplynxjura"]}]}},"_links":{"self":[{"href":"https:\/\/www.louplynxjura.org\/de\/wp-json\/wp\/v2\/pages\/1776"}],"collection":[{"href":"https:\/\/www.louplynxjura.org\/de\/wp-json\/wp\/v2\/pages"}],"about":[{"href":"https:\/\/www.louplynxjura.org\/de\/wp-json\/wp\/v2\/types\/page"}],"author":[{"embeddable":true,"href":"https:\/\/www.louplynxjura.org\/de\/wp-json\/wp\/v2\/users\/1"}],"replies":[{"embeddable":true,"href":"https:\/\/www.louplynxjura.org\/de\/wp-json\/wp\/v2\/comments?post=1776"}],"version-history":[{"count":6,"href":"https:\/\/www.louplynxjura.org\/de\/wp-json\/wp\/v2\/pages\/1776\/revisions"}],"predecessor-version":[{"id":2033,"href":"https:\/\/www.louplynxjura.org\/de\/wp-json\/wp\/v2\/pages\/1776\/revisions\/2033"}],"wp:attachment":[{"href":"https:\/\/www.louplynxjura.org\/de\/wp-json\/wp\/v2\/media?parent=1776"}],"curies":[{"name":"wp","href":"https:\/\/api.w.org\/{rel}","templated":true}]}}