{"id":2281,"date":"2025-04-29T20:49:23","date_gmt":"2025-04-29T18:49:23","guid":{"rendered":"https:\/\/www.louplynxjura.org\/?page_id=2281"},"modified":"2025-04-29T21:08:25","modified_gmt":"2025-04-29T19:08:25","slug":"verein-chwolf","status":"publish","type":"page","link":"https:\/\/www.louplynxjura.org\/de\/partner\/verein-chwolf\/","title":{"rendered":"Verein CHWOLF"},"content":{"rendered":"\n<p><strong>Der Verein CHWOLF<\/strong> mit Sitz in Einsiedeln, Kanton Schwyz, ist ein Schweizer Wolfschutzverein der sich auf allen Ebenen f\u00fcr den Naturschutz und ganz im Speziellen f\u00fcr den Schutz unserer einheimischen Grossraubtiere und f\u00fcr ein konfliktarmes Zusammenleben von Mensch, Wolf und Nutztieren einsetzt.<\/p>\n\n\n\n<p><strong>Vision<\/strong><br>Menschen sollten die Natur lieben und achten und mit ihr in Einklang und Balance und als Teil von ihr leben. Die Natur in ihrer gesamten Vielfalt und Auspr\u00e4gung bildet den Lebensraum und die Lebensgrundlage f\u00fcr Menschen, Tiere und Pflanzen und diese Lebensgrundlage gilt es r\u00fccksichtsvoll zu nutzen und zu erhalten.<\/p>\n\n\n\n<p>W\u00f6lfe sind seit Urzeit nat\u00fcrliche Bewohner des gesamten Alpenraumes und somit auch der heutigen Schweiz. Sie sind ein wichtiges Glied im gesamten \u00d6kosystem und ihre Anwesenheit hat einen markanten Einfluss auf die Artenvielfalt, Gesundheit und Stabilit\u00e4t von Flora und Fauna.<\/p>\n\n\n\n<p>Die Menschen sollten wieder lernen, den Wolf als Teil der nat\u00fcrlichen Umwelt zu akzeptieren, ihm seinen Lebensraum zu zugestehen, ihn zu achten und das Zusammenleben Wolf-Mensch zu erm\u00f6glichen.<\/p>\n\n\n\n<p class=\"has-text-align-center\"><strong><em>In der Wildnis liegt die Bewahrung unserer Welt !<\/em><\/strong><\/p>\n\n\n\n<p><strong>Wir betreiben Wolfsschutz durch:<\/strong><br>\u2022 Aufkl\u00e4rungsarbeit und Informationsvermittlung<br>\u2022 Unsere sehr umfangreiche Website <a href=\"https:\/\/chwolf.org\/\" target=\"_blank\" rel=\"noreferrer noopener\">www.chwolf.org<\/a><br>\u2022 eigene Anl\u00e4sse und Veranstaltungen<br>\u2022 Herdenschutzprojekte<br>\u2022 Politisch- rechtliches Engagement<br>\u2022 Umweltbildungsprojekt \u00abEin Wolf macht Schule\u00bb<br>\u2022 Eigene Wanderausstellung \u00abBegegnung mit dem Wolf, B\u00e4r und Luchs\u00bb<br>\u2022 Mitwirken und Zusammen\u00acarbeit in Projekten anderer gleichgesinnter Organisationen oder offizieller Stellen<\/p>\n\n\n\n<p class=\"has-text-align-center\"><strong><em>Wissen und Kenntnis schafft Respekt, Vertrauen und Akzeptanz !<\/em><\/strong><\/p>\n\n\n\n<p>Der Verein CHWOLF und Avenir Loup Lynx Jura unterst\u00fctzen und erg\u00e4nzen sich gegenseitig und arbeiten f\u00fcr einen besseren Schutz des Wolfes in der Schweiz eng zusammen.<\/p>\n\n\n\n<p>Weitere Informationen zu CHWOLF finden Sie auf <a href=\"https:\/\/chwolf.org\/\" target=\"_blank\" rel=\"noreferrer noopener\">www.chwolf.org<\/a><\/p>\n\n\n<div class=\"wp-block-image\">\n<figure class=\"aligncenter size-large is-resized\"><a href=\"https:\/\/chwolf.org\/\" target=\"_blank\" rel=\"noreferrer noopener\"><img loading=\"lazy\" decoding=\"async\" width=\"1024\" height=\"326\" src=\"https:\/\/www.louplynxjura.org\/wp-content\/uploads\/2025\/04\/logo-chwolf-1024x326.png\" alt=\"Association CHWOLF\" class=\"wp-image-2261\" style=\"width:840px;height:auto\" srcset=\"https:\/\/www.louplynxjura.org\/wp-content\/uploads\/2025\/04\/logo-chwolf-1024x326.png 1024w, https:\/\/www.louplynxjura.org\/wp-content\/uploads\/2025\/04\/logo-chwolf-300x96.png 300w, https:\/\/www.louplynxjura.org\/wp-content\/uploads\/2025\/04\/logo-chwolf-768x245.png 768w, https:\/\/www.louplynxjura.org\/wp-content\/uploads\/2025\/04\/logo-chwolf-1536x489.png 1536w, https:\/\/www.louplynxjura.org\/wp-content\/uploads\/2025\/04\/logo-chwolf-2048x652.png 2048w\" sizes=\"(max-width: 1024px) 100vw, 1024px\" \/><\/a><\/figure><\/div>","protected":false},"excerpt":{"rendered":"<p>Der Verein CHWOLF mit Sitz in Einsiedeln, Kanton Schwyz, ist ein Schweizer Wolfschutzverein der sich auf allen Ebenen f\u00fcr den Naturschutz und ganz im Speziellen f\u00fcr den Schutz unserer einheimischen [&hellip;]<\/p>\n","protected":false},"author":1,"featured_media":2261,"parent":2279,"menu_order":0,"comment_status":"closed","ping_status":"closed","template":"","meta":{"ub_ctt_via":"","footnotes":""},"class_list":["post-2281","page","type-page","status-publish","has-post-thumbnail","hentry"],"featured_image_src":"https:\/\/www.louplynxjura.org\/wp-content\/uploads\/2025\/04\/logo-chwolf.png","yoast_head":"<!-- This site is optimized with the Yoast SEO plugin v23.4 - https:\/\/yoast.com\/wordpress\/plugins\/seo\/ -->\n<title>Verein CHWOLF - Avenir Loup Lynx Jura<\/title>\n<meta name=\"robots\" content=\"index, follow, max-snippet:-1, max-image-preview:large, max-video-preview:-1\" \/>\n<link rel=\"canonical\" href=\"https:\/\/www.louplynxjura.org\/de\/partner\/verein-chwolf\/\" \/>\n<meta property=\"og:locale\" content=\"de_DE\" \/>\n<meta property=\"og:type\" content=\"article\" \/>\n<meta property=\"og:title\" content=\"Verein CHWOLF - Avenir Loup Lynx Jura\" \/>\n<meta property=\"og:description\" content=\"Der Verein CHWOLF mit Sitz in Einsiedeln, Kanton Schwyz, ist ein Schweizer Wolfschutzverein der sich auf allen Ebenen f\u00fcr den Naturschutz und ganz im Speziellen f\u00fcr den Schutz unserer einheimischen [&hellip;]\" \/>\n<meta property=\"og:url\" content=\"https:\/\/www.louplynxjura.org\/de\/partner\/verein-chwolf\/\" \/>\n<meta property=\"og:site_name\" content=\"Avenir Loup Lynx Jura\" \/>\n<meta property=\"article:publisher\" content=\"https:\/\/www.facebook.com\/louplynxjura\" \/>\n<meta property=\"article:modified_time\" content=\"2025-04-29T19:08:25+00:00\" \/>\n<meta property=\"og:image\" content=\"https:\/\/www.louplynxjura.org\/wp-content\/uploads\/2025\/04\/logo-chwolf.png\" \/>\n\t<meta property=\"og:image:width\" content=\"3046\" \/>\n\t<meta property=\"og:image:height\" content=\"970\" \/>\n\t<meta property=\"og:image:type\" content=\"image\/png\" \/>\n<meta name=\"twitter:card\" content=\"summary_large_image\" \/>\n<meta name=\"twitter:label1\" content=\"Est. reading time\" \/>\n\t<meta name=\"twitter:data1\" content=\"1 Minute\" \/>\n<script type=\"application\/ld+json\" class=\"yoast-schema-graph\">{\"@context\":\"https:\/\/schema.org\",\"@graph\":[{\"@type\":\"WebPage\",\"@id\":\"https:\/\/www.louplynxjura.org\/de\/partner\/verein-chwolf\/\",\"url\":\"https:\/\/www.louplynxjura.org\/de\/partner\/verein-chwolf\/\",\"name\":\"Verein CHWOLF - Avenir Loup Lynx Jura\",\"isPartOf\":{\"@id\":\"https:\/\/www.louplynxjura.org\/de\/#website\"},\"primaryImageOfPage\":{\"@id\":\"https:\/\/www.louplynxjura.org\/de\/partner\/verein-chwolf\/#primaryimage\"},\"image\":{\"@id\":\"https:\/\/www.louplynxjura.org\/de\/partner\/verein-chwolf\/#primaryimage\"},\"thumbnailUrl\":\"https:\/\/www.louplynxjura.org\/wp-content\/uploads\/2025\/04\/logo-chwolf.png\",\"datePublished\":\"2025-04-29T18:49:23+00:00\",\"dateModified\":\"2025-04-29T19:08:25+00:00\",\"breadcrumb\":{\"@id\":\"https:\/\/www.louplynxjura.org\/de\/partner\/verein-chwolf\/#breadcrumb\"},\"inLanguage\":\"de-DE\",\"potentialAction\":[{\"@type\":\"ReadAction\",\"target\":[\"https:\/\/www.louplynxjura.org\/de\/partner\/verein-chwolf\/\"]}]},{\"@type\":\"ImageObject\",\"inLanguage\":\"de-DE\",\"@id\":\"https:\/\/www.louplynxjura.org\/de\/partner\/verein-chwolf\/#primaryimage\",\"url\":\"https:\/\/www.louplynxjura.org\/wp-content\/uploads\/2025\/04\/logo-chwolf.png\",\"contentUrl\":\"https:\/\/www.louplynxjura.org\/wp-content\/uploads\/2025\/04\/logo-chwolf.png\",\"width\":3046,\"height\":970,\"caption\":\"Association CHWOLF\"},{\"@type\":\"BreadcrumbList\",\"@id\":\"https:\/\/www.louplynxjura.org\/de\/partner\/verein-chwolf\/#breadcrumb\",\"itemListElement\":[{\"@type\":\"ListItem\",\"position\":1,\"name\":\"Home\",\"item\":\"https:\/\/www.louplynxjura.org\/de\/\"},{\"@type\":\"ListItem\",\"position\":2,\"name\":\"Partner\",\"item\":\"https:\/\/www.louplynxjura.org\/de\/partner\/\"},{\"@type\":\"ListItem\",\"position\":3,\"name\":\"Verein CHWOLF\"}]},{\"@type\":\"WebSite\",\"@id\":\"https:\/\/www.louplynxjura.org\/de\/#website\",\"url\":\"https:\/\/www.louplynxjura.org\/de\/\",\"name\":\"Avenir Loup Lynx Jura\",\"description\":\"Eine Zukunft f\u00fcr sie und uns\",\"publisher\":{\"@id\":\"https:\/\/www.louplynxjura.org\/de\/#organization\"},\"potentialAction\":[{\"@type\":\"SearchAction\",\"target\":{\"@type\":\"EntryPoint\",\"urlTemplate\":\"https:\/\/www.louplynxjura.org\/de\/?s={search_term_string}\"},\"query-input\":{\"@type\":\"PropertyValueSpecification\",\"valueRequired\":true,\"valueName\":\"search_term_string\"}}],\"inLanguage\":\"de-DE\"},{\"@type\":\"Organization\",\"@id\":\"https:\/\/www.louplynxjura.org\/de\/#organization\",\"name\":\"Avenir Loup Lynx Jura\",\"url\":\"https:\/\/www.louplynxjura.org\/de\/\",\"logo\":{\"@type\":\"ImageObject\",\"inLanguage\":\"de-DE\",\"@id\":\"https:\/\/www.louplynxjura.org\/de\/#\/schema\/logo\/image\/\",\"url\":\"https:\/\/www.louplynxjura.org\/wp-content\/uploads\/2022\/03\/allj-logo-1024-wide-white-bg.png\",\"contentUrl\":\"https:\/\/www.louplynxjura.org\/wp-content\/uploads\/2022\/03\/allj-logo-1024-wide-white-bg.png\",\"width\":1024,\"height\":683,\"caption\":\"Avenir Loup Lynx Jura\"},\"image\":{\"@id\":\"https:\/\/www.louplynxjura.org\/de\/#\/schema\/logo\/image\/\"},\"sameAs\":[\"https:\/\/www.facebook.com\/louplynxjura\",\"https:\/\/www.instagram.com\/louplynxjura\"]}]}<\/script>\n<!-- \/ Yoast SEO plugin. -->","yoast_head_json":{"title":"Verein CHWOLF - Avenir Loup Lynx Jura","robots":{"index":"index","follow":"follow","max-snippet":"max-snippet:-1","max-image-preview":"max-image-preview:large","max-video-preview":"max-video-preview:-1"},"canonical":"https:\/\/www.louplynxjura.org\/de\/partner\/verein-chwolf\/","og_locale":"de_DE","og_type":"article","og_title":"Verein CHWOLF - Avenir Loup Lynx Jura","og_description":"Der Verein CHWOLF mit Sitz in Einsiedeln, Kanton Schwyz, ist ein Schweizer Wolfschutzverein der sich auf allen Ebenen f\u00fcr den Naturschutz und ganz im Speziellen f\u00fcr den Schutz unserer einheimischen [&hellip;]","og_url":"https:\/\/www.louplynxjura.org\/de\/partner\/verein-chwolf\/","og_site_name":"Avenir Loup Lynx Jura","article_publisher":"https:\/\/www.facebook.com\/louplynxjura","article_modified_time":"2025-04-29T19:08:25+00:00","og_image":[{"width":3046,"height":970,"url":"https:\/\/www.louplynxjura.org\/wp-content\/uploads\/2025\/04\/logo-chwolf.png","type":"image\/png"}],"twitter_card":"summary_large_image","twitter_misc":{"Est. reading time":"1 Minute"},"schema":{"@context":"https:\/\/schema.org","@graph":[{"@type":"WebPage","@id":"https:\/\/www.louplynxjura.org\/de\/partner\/verein-chwolf\/","url":"https:\/\/www.louplynxjura.org\/de\/partner\/verein-chwolf\/","name":"Verein CHWOLF - Avenir Loup Lynx Jura","isPartOf":{"@id":"https:\/\/www.louplynxjura.org\/de\/#website"},"primaryImageOfPage":{"@id":"https:\/\/www.louplynxjura.org\/de\/partner\/verein-chwolf\/#primaryimage"},"image":{"@id":"https:\/\/www.louplynxjura.org\/de\/partner\/verein-chwolf\/#primaryimage"},"thumbnailUrl":"https:\/\/www.louplynxjura.org\/wp-content\/uploads\/2025\/04\/logo-chwolf.png","datePublished":"2025-04-29T18:49:23+00:00","dateModified":"2025-04-29T19:08:25+00:00","breadcrumb":{"@id":"https:\/\/www.louplynxjura.org\/de\/partner\/verein-chwolf\/#breadcrumb"},"inLanguage":"de-DE","potentialAction":[{"@type":"ReadAction","target":["https:\/\/www.louplynxjura.org\/de\/partner\/verein-chwolf\/"]}]},{"@type":"ImageObject","inLanguage":"de-DE","@id":"https:\/\/www.louplynxjura.org\/de\/partner\/verein-chwolf\/#primaryimage","url":"https:\/\/www.louplynxjura.org\/wp-content\/uploads\/2025\/04\/logo-chwolf.png","contentUrl":"https:\/\/www.louplynxjura.org\/wp-content\/uploads\/2025\/04\/logo-chwolf.png","width":3046,"height":970,"caption":"Association CHWOLF"},{"@type":"BreadcrumbList","@id":"https:\/\/www.louplynxjura.org\/de\/partner\/verein-chwolf\/#breadcrumb","itemListElement":[{"@type":"ListItem","position":1,"name":"Home","item":"https:\/\/www.louplynxjura.org\/de\/"},{"@type":"ListItem","position":2,"name":"Partner","item":"https:\/\/www.louplynxjura.org\/de\/partner\/"},{"@type":"ListItem","position":3,"name":"Verein CHWOLF"}]},{"@type":"WebSite","@id":"https:\/\/www.louplynxjura.org\/de\/#website","url":"https:\/\/www.louplynxjura.org\/de\/","name":"Avenir Loup Lynx Jura","description":"Eine Zukunft f\u00fcr sie und uns","publisher":{"@id":"https:\/\/www.louplynxjura.org\/de\/#organization"},"potentialAction":[{"@type":"SearchAction","target":{"@type":"EntryPoint","urlTemplate":"https:\/\/www.louplynxjura.org\/de\/?s={search_term_string}"},"query-input":{"@type":"PropertyValueSpecification","valueRequired":true,"valueName":"search_term_string"}}],"inLanguage":"de-DE"},{"@type":"Organization","@id":"https:\/\/www.louplynxjura.org\/de\/#organization","name":"Avenir Loup Lynx Jura","url":"https:\/\/www.louplynxjura.org\/de\/","logo":{"@type":"ImageObject","inLanguage":"de-DE","@id":"https:\/\/www.louplynxjura.org\/de\/#\/schema\/logo\/image\/","url":"https:\/\/www.louplynxjura.org\/wp-content\/uploads\/2022\/03\/allj-logo-1024-wide-white-bg.png","contentUrl":"https:\/\/www.louplynxjura.org\/wp-content\/uploads\/2022\/03\/allj-logo-1024-wide-white-bg.png","width":1024,"height":683,"caption":"Avenir Loup Lynx Jura"},"image":{"@id":"https:\/\/www.louplynxjura.org\/de\/#\/schema\/logo\/image\/"},"sameAs":["https:\/\/www.facebook.com\/louplynxjura","https:\/\/www.instagram.com\/louplynxjura"]}]}},"_links":{"self":[{"href":"https:\/\/www.louplynxjura.org\/de\/wp-json\/wp\/v2\/pages\/2281"}],"collection":[{"href":"https:\/\/www.louplynxjura.org\/de\/wp-json\/wp\/v2\/pages"}],"about":[{"href":"https:\/\/www.louplynxjura.org\/de\/wp-json\/wp\/v2\/types\/page"}],"author":[{"embeddable":true,"href":"https:\/\/www.louplynxjura.org\/de\/wp-json\/wp\/v2\/users\/1"}],"replies":[{"embeddable":true,"href":"https:\/\/www.louplynxjura.org\/de\/wp-json\/wp\/v2\/comments?post=2281"}],"version-history":[{"count":1,"href":"https:\/\/www.louplynxjura.org\/de\/wp-json\/wp\/v2\/pages\/2281\/revisions"}],"predecessor-version":[{"id":2282,"href":"https:\/\/www.louplynxjura.org\/de\/wp-json\/wp\/v2\/pages\/2281\/revisions\/2282"}],"up":[{"embeddable":true,"href":"https:\/\/www.louplynxjura.org\/de\/wp-json\/wp\/v2\/pages\/2279"}],"wp:featuredmedia":[{"embeddable":true,"href":"https:\/\/www.louplynxjura.org\/de\/wp-json\/wp\/v2\/media\/2261"}],"wp:attachment":[{"href":"https:\/\/www.louplynxjura.org\/de\/wp-json\/wp\/v2\/media?parent=2281"}],"curies":[{"name":"wp","href":"https:\/\/api.w.org\/{rel}","templated":true}]}}